{"id":12301,"date":"2019-06-26T16:48:35","date_gmt":"2019-06-26T14:48:35","guid":{"rendered":"http:\/\/josemduran.com\/scania\/?page_id=12301"},"modified":"2019-06-26T16:58:12","modified_gmt":"2019-06-26T14:58:12","slug":"home-version-11-2-6-4","status":"publish","type":"page","link":"https:\/\/josemduran.com\/scania\/?page_id=12301","title":{"rendered":"Serie S"},"content":{"rendered":"<div class=\"fusion-fullwidth fullwidth-box fusion-builder-row-1 nonhundred-percent-fullwidth non-hundred-percent-height-scrolling\" style=\"background-color: #ffffff;background-position: center center;background-repeat: no-repeat;padding-top:50px;padding-right:0px;padding-bottom:0px;padding-left:0px;margin-bottom: 0px;margin-top: 0px;border-width: 0px 0px 0px 0px;border-color:#e5e4e4;border-style:solid;\" ><div class=\"fusion-builder-row fusion-row\"><div class=\"fusion-layout-column fusion_builder_column fusion-builder-column-0 fusion_builder_column_1_1 1_1 fusion-one-full fusion-column-first fusion-column-last fusion-column-no-min-height\" style=\"margin-top:0px;margin-bottom:0px;\"><div class=\"fusion-column-wrapper fusion-flex-column-wrapper-legacy\" style=\"background-position:left top;background-repeat:no-repeat;-webkit-background-size:cover;-moz-background-size:cover;-o-background-size:cover;background-size:cover;padding: 0px 0px 0px 0px;\"><div class=\"fusion-slider-sc fusion-flexslider-loading flexslider flexslider-hover-type-none\" data-slideshow_autoplay=\"1\" data-slideshow_smooth_height=\"0\" data-slideshow_speed=\"7000\" style=\"max-width:100%;height:100%;\"><ul class=\"slides\"><li class=\"image\"><span class=\"fusion-image-hover-element hover-type-none\"><img decoding=\"async\" src=\"https:\/\/josemduran.com\/scania\/wp-content\/uploads\/2019\/06\/s.png\" width=\"1920\" height=\"800\" class=\"wp-image-12303\" srcset=\"https:\/\/josemduran.com\/scania\/wp-content\/uploads\/2019\/06\/s-200x83.png 200w, https:\/\/josemduran.com\/scania\/wp-content\/uploads\/2019\/06\/s-400x167.png 400w, https:\/\/josemduran.com\/scania\/wp-content\/uploads\/2019\/06\/s-600x250.png 600w, https:\/\/josemduran.com\/scania\/wp-content\/uploads\/2019\/06\/s-800x333.png 800w, https:\/\/josemduran.com\/scania\/wp-content\/uploads\/2019\/06\/s-1200x500.png 1200w, https:\/\/josemduran.com\/scania\/wp-content\/uploads\/2019\/06\/s.png 1920w\" sizes=\"(max-width: 800px) 100vw, 1200px\" \/><\/span><\/li><\/ul><\/div><div class=\"fusion-text fusion-text-1\"><p style=\"text-align: center;\"><img decoding=\"async\" class=\"alignnone size-full wp-image-12304\" src=\"https:\/\/josemduran.com\/scania\/wp-content\/uploads\/2019\/06\/magnifico.png\" alt=\"\" width=\"806\" height=\"46\" srcset=\"https:\/\/josemduran.com\/scania\/wp-content\/uploads\/2019\/06\/magnifico-200x11.png 200w, https:\/\/josemduran.com\/scania\/wp-content\/uploads\/2019\/06\/magnifico-300x17.png 300w, https:\/\/josemduran.com\/scania\/wp-content\/uploads\/2019\/06\/magnifico-400x23.png 400w, https:\/\/josemduran.com\/scania\/wp-content\/uploads\/2019\/06\/magnifico-600x34.png 600w, https:\/\/josemduran.com\/scania\/wp-content\/uploads\/2019\/06\/magnifico-768x44.png 768w, https:\/\/josemduran.com\/scania\/wp-content\/uploads\/2019\/06\/magnifico-800x46.png 800w, https:\/\/josemduran.com\/scania\/wp-content\/uploads\/2019\/06\/magnifico.png 806w\" sizes=\"(max-width: 806px) 100vw, 806px\" \/><\/p>\n<p>La nueva serie S eleva los est\u00e1ndares de comodidad para el conductor en distancias largas. Descubra un interior lleno de lujo y dise\u00f1ado con los espacios m\u00e1s amplios. El piso plano, los espacios de almacenamiento aumentados y la vista excepcional desde la posici\u00f3n del conductor aumentan el atractivo de este dise\u00f1o \u00fanico.<\/p>\n<\/div><div class=\"fusion-slider-sc fusion-flexslider-loading flexslider flexslider-hover-type-none\" data-slideshow_autoplay=\"1\" data-slideshow_smooth_height=\"0\" data-slideshow_speed=\"7000\" style=\"max-width:100%;height:100%;\"><ul class=\"slides\"><li class=\"image\"><span class=\"fusion-image-hover-element hover-type-none\"><img decoding=\"async\" src=\"https:\/\/josemduran.com\/scania\/wp-content\/uploads\/2019\/06\/1.png\" width=\"1920\" height=\"800\" class=\"wp-image-12305\" srcset=\"https:\/\/josemduran.com\/scania\/wp-content\/uploads\/2019\/06\/1-200x83.png 200w, https:\/\/josemduran.com\/scania\/wp-content\/uploads\/2019\/06\/1-400x167.png 400w, https:\/\/josemduran.com\/scania\/wp-content\/uploads\/2019\/06\/1-600x250.png 600w, https:\/\/josemduran.com\/scania\/wp-content\/uploads\/2019\/06\/1-800x333.png 800w, https:\/\/josemduran.com\/scania\/wp-content\/uploads\/2019\/06\/1-1200x500.png 1200w, https:\/\/josemduran.com\/scania\/wp-content\/uploads\/2019\/06\/1.png 1920w\" sizes=\"(max-width: 800px) 100vw, 1200px\" \/><\/span><\/li><li class=\"image\"><span class=\"fusion-image-hover-element hover-type-none\"><img decoding=\"async\" src=\"https:\/\/josemduran.com\/scania\/wp-content\/uploads\/2019\/06\/2.png\" width=\"1920\" height=\"800\" class=\"wp-image-12306\" srcset=\"https:\/\/josemduran.com\/scania\/wp-content\/uploads\/2019\/06\/2-200x83.png 200w, https:\/\/josemduran.com\/scania\/wp-content\/uploads\/2019\/06\/2-400x167.png 400w, https:\/\/josemduran.com\/scania\/wp-content\/uploads\/2019\/06\/2-600x250.png 600w, https:\/\/josemduran.com\/scania\/wp-content\/uploads\/2019\/06\/2-800x333.png 800w, https:\/\/josemduran.com\/scania\/wp-content\/uploads\/2019\/06\/2-1200x500.png 1200w, https:\/\/josemduran.com\/scania\/wp-content\/uploads\/2019\/06\/2.png 1920w\" sizes=\"(max-width: 800px) 100vw, 1200px\" \/><\/span><\/li><li class=\"image\"><span class=\"fusion-image-hover-element hover-type-none\"><img decoding=\"async\" src=\"https:\/\/josemduran.com\/scania\/wp-content\/uploads\/2019\/06\/3.png\" width=\"1920\" height=\"800\" class=\"wp-image-12307\" srcset=\"https:\/\/josemduran.com\/scania\/wp-content\/uploads\/2019\/06\/3-200x83.png 200w, https:\/\/josemduran.com\/scania\/wp-content\/uploads\/2019\/06\/3-400x167.png 400w, https:\/\/josemduran.com\/scania\/wp-content\/uploads\/2019\/06\/3-600x250.png 600w, https:\/\/josemduran.com\/scania\/wp-content\/uploads\/2019\/06\/3-800x333.png 800w, https:\/\/josemduran.com\/scania\/wp-content\/uploads\/2019\/06\/3-1200x500.png 1200w, https:\/\/josemduran.com\/scania\/wp-content\/uploads\/2019\/06\/3.png 1920w\" sizes=\"(max-width: 800px) 100vw, 1200px\" \/><\/span><\/li><\/ul><\/div><div class=\"fusion-text fusion-text-2\"><p style=\"text-align: center;\"><img decoding=\"async\" class=\"alignnone size-full wp-image-12309\" src=\"https:\/\/josemduran.com\/scania\/wp-content\/uploads\/2019\/06\/impulsado.png\" alt=\"\" width=\"572\" height=\"88\" srcset=\"https:\/\/josemduran.com\/scania\/wp-content\/uploads\/2019\/06\/impulsado-200x31.png 200w, https:\/\/josemduran.com\/scania\/wp-content\/uploads\/2019\/06\/impulsado-300x46.png 300w, https:\/\/josemduran.com\/scania\/wp-content\/uploads\/2019\/06\/impulsado-400x62.png 400w, https:\/\/josemduran.com\/scania\/wp-content\/uploads\/2019\/06\/impulsado.png 572w\" sizes=\"(max-width: 572px) 100vw, 572px\" \/><\/p>\n<p>Los motores Scania son famosos por su eficiencia de combustible. La nueva generaci\u00f3n de camiones lleva nuestra reputaci\u00f3n un paso m\u00e1s all\u00e1. Los inyectores y las c\u00e1maras de combusti\u00f3n mejoradas, en combinaci\u00f3n con la nueva relaci\u00f3n de caja-diferencial, contribuyen a reducir la velocidad del motor y el consumo de combustible en un 3 %.<\/p>\n<\/div><div class=\"fusion-builder-row fusion-builder-row-inner fusion-row\"><div class=\"fusion-layout-column fusion_builder_column_inner fusion-builder-nested-column-0 fusion_builder_column_inner_1_2 1_2 fusion-one-half fusion-column-first\" style=\"width:50%;width:calc(50% - ( ( 4% ) * 0.5 ) );margin-right: 4%;margin-top:0px;margin-bottom:20px;\"><div class=\"fusion-column-wrapper fusion-flex-column-wrapper-legacy\" style=\"background-image: url(&#039;https:\/\/josemduran.com\/scania\/wp-content\/uploads\/2019\/06\/1-3.jpg&#039;);background-position:left top;background-repeat:no-repeat;-webkit-background-size:cover;-moz-background-size:cover;-o-background-size:cover;background-size:cover;padding: 0px 0px 0px 0px;\" data-bg-url=\"https:\/\/josemduran.com\/scania\/wp-content\/uploads\/2019\/06\/1-3.jpg\"><div class=\"fusion-clearfix\"><\/div><\/div><\/div><div class=\"fusion-layout-column fusion_builder_column_inner fusion-builder-nested-column-1 fusion_builder_column_inner_1_2 1_2 fusion-one-half fusion-column-last\" style=\"width:50%;width:calc(50% - ( ( 4% ) * 0.5 ) );margin-top:0px;margin-bottom:20px;\"><div class=\"fusion-column-wrapper fusion-flex-column-wrapper-legacy\" style=\"background-image: url(&#039;https:\/\/josemduran.com\/scania\/wp-content\/uploads\/2019\/06\/2-3.jpg&#039;);background-position:left top;background-repeat:no-repeat;-webkit-background-size:cover;-moz-background-size:cover;-o-background-size:cover;background-size:cover;padding: 0px 0px 0px 0px;\" data-bg-url=\"https:\/\/josemduran.com\/scania\/wp-content\/uploads\/2019\/06\/2-3.jpg\"><div class=\"fusion-clearfix\"><\/div><\/div><\/div><\/div><div class=\"fusion-clearfix\"><\/div><\/div><\/div><\/div><\/div>\n","protected":false},"excerpt":{"rendered":"","protected":false},"author":1,"featured_media":0,"parent":0,"menu_order":0,"comment_status":"open","ping_status":"closed","template":"100-width.php","meta":{"content-type":"","footnotes":""},"class_list":["post-12301","page","type-page","status-publish","hentry"],"_links":{"self":[{"href":"https:\/\/josemduran.com\/scania\/index.php?rest_route=\/wp\/v2\/pages\/12301","targetHints":{"allow":["GET"]}}],"collection":[{"href":"https:\/\/josemduran.com\/scania\/index.php?rest_route=\/wp\/v2\/pages"}],"about":[{"href":"https:\/\/josemduran.com\/scania\/index.php?rest_route=\/wp\/v2\/types\/page"}],"author":[{"embeddable":true,"href":"https:\/\/josemduran.com\/scania\/index.php?rest_route=\/wp\/v2\/users\/1"}],"replies":[{"embeddable":true,"href":"https:\/\/josemduran.com\/scania\/index.php?rest_route=%2Fwp%2Fv2%2Fcomments&post=12301"}],"version-history":[{"count":3,"href":"https:\/\/josemduran.com\/scania\/index.php?rest_route=\/wp\/v2\/pages\/12301\/revisions"}],"predecessor-version":[{"id":12312,"href":"https:\/\/josemduran.com\/scania\/index.php?rest_route=\/wp\/v2\/pages\/12301\/revisions\/12312"}],"wp:attachment":[{"href":"https:\/\/josemduran.com\/scania\/index.php?rest_route=%2Fwp%2Fv2%2Fmedia&parent=12301"}],"curies":[{"name":"wp","href":"https:\/\/api.w.org\/{rel}","templated":true}]}}