{"id":12215,"date":"2019-06-25T20:42:58","date_gmt":"2019-06-25T18:42:58","guid":{"rendered":"http:\/\/josemduran.com\/scania\/?page_id=12215"},"modified":"2019-06-25T21:16:00","modified_gmt":"2019-06-25T19:16:00","slug":"home-version-11-2-4-2-3","status":"publish","type":"page","link":"https:\/\/josemduran.com\/scania\/?page_id=12215","title":{"rendered":"GESTI\u00d3N DE FLOTAS"},"content":{"rendered":"<div class=\"fusion-fullwidth fullwidth-box fusion-builder-row-1 nonhundred-percent-fullwidth non-hundred-percent-height-scrolling\" style=\"background-color: #ffffff;background-position: center center;background-repeat: no-repeat;padding-top:50px;padding-right:0px;padding-bottom:0px;padding-left:0px;margin-bottom: 0px;margin-top: 0px;border-width: 0px 0px 0px 0px;border-color:#e5e4e4;border-style:solid;\" ><div class=\"fusion-builder-row fusion-row\"><div class=\"fusion-layout-column fusion_builder_column fusion-builder-column-0 fusion_builder_column_1_1 1_1 fusion-one-full fusion-column-first fusion-column-last fusion-column-no-min-height\" style=\"margin-top:0px;margin-bottom:0px;\"><div class=\"fusion-column-wrapper fusion-flex-column-wrapper-legacy\" style=\"background-position:left top;background-repeat:no-repeat;-webkit-background-size:cover;-moz-background-size:cover;-o-background-size:cover;background-size:cover;padding: 0px 0px 0px 0px;\"><div class=\"fusion-slider-sc fusion-flexslider-loading flexslider flexslider-hover-type-none\" data-slideshow_autoplay=\"1\" data-slideshow_smooth_height=\"0\" data-slideshow_speed=\"7000\" style=\"max-width:100%;height:100%;\"><ul class=\"slides\"><li class=\"image\"><span class=\"fusion-image-hover-element hover-type-none\"><img decoding=\"async\" src=\"https:\/\/josemduran.com\/scania\/wp-content\/uploads\/2019\/06\/FLOTAS.png\" width=\"1920\" height=\"641\" class=\"wp-image-12217\" srcset=\"https:\/\/josemduran.com\/scania\/wp-content\/uploads\/2019\/06\/FLOTAS-200x67.png 200w, https:\/\/josemduran.com\/scania\/wp-content\/uploads\/2019\/06\/FLOTAS-400x134.png 400w, https:\/\/josemduran.com\/scania\/wp-content\/uploads\/2019\/06\/FLOTAS-600x200.png 600w, https:\/\/josemduran.com\/scania\/wp-content\/uploads\/2019\/06\/FLOTAS-800x267.png 800w, https:\/\/josemduran.com\/scania\/wp-content\/uploads\/2019\/06\/FLOTAS-1200x401.png 1200w, https:\/\/josemduran.com\/scania\/wp-content\/uploads\/2019\/06\/FLOTAS.png 1920w\" sizes=\"(max-width: 800px) 100vw, 1200px\" \/><\/span><\/li><\/ul><\/div><div class=\"fusion-text fusion-text-1\"><p style=\"text-align: center;\"><img decoding=\"async\" class=\"alignnone size-full wp-image-12218\" src=\"https:\/\/josemduran.com\/scania\/wp-content\/uploads\/2019\/06\/INFORMACION.png\" alt=\"\" width=\"762\" height=\"96\" srcset=\"https:\/\/josemduran.com\/scania\/wp-content\/uploads\/2019\/06\/INFORMACION-200x25.png 200w, https:\/\/josemduran.com\/scania\/wp-content\/uploads\/2019\/06\/INFORMACION-300x38.png 300w, https:\/\/josemduran.com\/scania\/wp-content\/uploads\/2019\/06\/INFORMACION-400x50.png 400w, https:\/\/josemduran.com\/scania\/wp-content\/uploads\/2019\/06\/INFORMACION-600x76.png 600w, https:\/\/josemduran.com\/scania\/wp-content\/uploads\/2019\/06\/INFORMACION.png 762w\" sizes=\"(max-width: 762px) 100vw, 762px\" \/><\/p>\n<p>Los datos que se recopilan en los camiones Scania ofrecen una valiosa informaci\u00f3n sobre estilos de conducci\u00f3n, productividad y econom\u00eda. Este nivel de seguimiento y diagn\u00f3stico puede aportar importantes ventajas en forma de mayor tiempo efectivo de trabajo, mayor seguridad y menos costos de operaci\u00f3n.<\/p>\n<p style=\"text-align: center;\"><iframe src=\"https:\/\/www.youtube.com\/embed\/zy19zV6_giw\" width=\"975\" height=\"532\" frameborder=\"0\" allowfullscreen=\"allowfullscreen\"><\/iframe><\/p>\n<\/div><div class=\"fusion-builder-row fusion-builder-row-inner fusion-row\"><div class=\"fusion-layout-column fusion_builder_column_inner fusion-builder-nested-column-0 fusion_builder_column_inner_1_3 1_3 fusion-one-third fusion-column-first\" style=\"width:33.333333333333%;width:calc(33.333333333333% - ( ( 4% + 4% ) * 0.33333333333333 ) );margin-right: 4%;margin-top:0px;margin-bottom:20px;\"><div class=\"fusion-column-wrapper fusion-flex-column-wrapper-legacy\" style=\"background-image: url(&#039;https:\/\/josemduran.com\/scania\/wp-content\/uploads\/2019\/06\/cambiomarchas.png&#039;);background-position:left top;background-repeat:no-repeat;-webkit-background-size:cover;-moz-background-size:cover;-o-background-size:cover;background-size:cover;padding: 0px 0px 0px 0px;\" data-bg-url=\"https:\/\/josemduran.com\/scania\/wp-content\/uploads\/2019\/06\/cambiomarchas.png\"><div class=\"fusion-clearfix\"><\/div><\/div><\/div><div class=\"fusion-layout-column fusion_builder_column_inner fusion-builder-nested-column-1 fusion_builder_column_inner_1_3 1_3 fusion-one-third\" style=\"width:33.333333333333%;width:calc(33.333333333333% - ( ( 4% + 4% ) * 0.33333333333333 ) );margin-right: 4%;margin-top:0px;margin-bottom:20px;\"><div class=\"fusion-column-wrapper fusion-flex-column-wrapper-legacy\" style=\"background-image: url(&#039;https:\/\/josemduran.com\/scania\/wp-content\/uploads\/2019\/06\/frenado.png&#039;);background-position:left top;background-repeat:no-repeat;-webkit-background-size:cover;-moz-background-size:cover;-o-background-size:cover;background-size:cover;padding: 0px 0px 0px 0px;\" data-bg-url=\"https:\/\/josemduran.com\/scania\/wp-content\/uploads\/2019\/06\/frenado.png\"><div class=\"fusion-clearfix\"><\/div><\/div><\/div><div class=\"fusion-layout-column fusion_builder_column_inner fusion-builder-nested-column-2 fusion_builder_column_inner_1_3 1_3 fusion-one-third fusion-column-last\" style=\"width:33.333333333333%;width:calc(33.333333333333% - ( ( 4% + 4% ) * 0.33333333333333 ) );margin-top:0px;margin-bottom:20px;\"><div class=\"fusion-column-wrapper fusion-flex-column-wrapper-legacy\" style=\"background-image: url(&#039;https:\/\/josemduran.com\/scania\/wp-content\/uploads\/2019\/06\/control-de-velocidad.png&#039;);background-position:left top;background-repeat:no-repeat;-webkit-background-size:cover;-moz-background-size:cover;-o-background-size:cover;background-size:cover;padding: 0px 0px 0px 0px;\" data-bg-url=\"https:\/\/josemduran.com\/scania\/wp-content\/uploads\/2019\/06\/control-de-velocidad.png\"><div class=\"fusion-clearfix\"><\/div><\/div><\/div><\/div><div class=\"fusion-text fusion-text-2\"><p><img decoding=\"async\" class=\"alignnone size-full wp-image-12227 aligncenter\" src=\"https:\/\/josemduran.com\/scania\/wp-content\/uploads\/2019\/06\/paquetes.png\" alt=\"\" width=\"315\" height=\"40\" srcset=\"https:\/\/josemduran.com\/scania\/wp-content\/uploads\/2019\/06\/paquetes-200x25.png 200w, https:\/\/josemduran.com\/scania\/wp-content\/uploads\/2019\/06\/paquetes-300x38.png 300w, https:\/\/josemduran.com\/scania\/wp-content\/uploads\/2019\/06\/paquetes.png 315w\" sizes=\"(max-width: 315px) 100vw, 315px\" \/><\/p>\n<p>&nbsp;<\/p>\n<\/div><div class=\"fusion-builder-row fusion-builder-row-inner fusion-row\"><div class=\"fusion-layout-column fusion_builder_column_inner fusion-builder-nested-column-3 fusion_builder_column_inner_1_2 1_2 fusion-one-half fusion-column-first\" style=\"width:50%;width:calc(50% - ( ( 4% ) * 0.5 ) );margin-right: 4%;margin-top:0px;margin-bottom:20px;\"><div class=\"fusion-column-wrapper fusion-flex-column-wrapper-legacy\" style=\"background-image: url(&#039;https:\/\/josemduran.com\/scania\/wp-content\/uploads\/2019\/06\/control.png&#039;);background-position:left top;background-repeat:no-repeat;-webkit-background-size:cover;-moz-background-size:cover;-o-background-size:cover;background-size:cover;padding: 0px 0px 0px 0px;\" data-bg-url=\"https:\/\/josemduran.com\/scania\/wp-content\/uploads\/2019\/06\/control.png\"><div class=\"fusion-clearfix\"><\/div><\/div><\/div><div class=\"fusion-layout-column fusion_builder_column_inner fusion-builder-nested-column-4 fusion_builder_column_inner_1_2 1_2 fusion-one-half fusion-column-last\" style=\"width:50%;width:calc(50% - ( ( 4% ) * 0.5 ) );margin-top:0px;margin-bottom:20px;\"><div class=\"fusion-column-wrapper fusion-flex-column-wrapper-legacy\" style=\"background-image: url(&#039;https:\/\/josemduran.com\/scania\/wp-content\/uploads\/2019\/06\/monitoreo.png&#039;);background-position:left top;background-repeat:no-repeat;-webkit-background-size:cover;-moz-background-size:cover;-o-background-size:cover;background-size:cover;padding: 0px 0px 0px 0px;\" data-bg-url=\"https:\/\/josemduran.com\/scania\/wp-content\/uploads\/2019\/06\/monitoreo.png\"><div class=\"fusion-clearfix\"><\/div><\/div><\/div><\/div><div class=\"fusion-text fusion-text-3\"><p><img decoding=\"async\" class=\"alignnone size-full wp-image-12231 aligncenter\" src=\"https:\/\/josemduran.com\/scania\/wp-content\/uploads\/2019\/06\/registro.png\" alt=\"\" width=\"646\" height=\"88\" srcset=\"https:\/\/josemduran.com\/scania\/wp-content\/uploads\/2019\/06\/registro-200x27.png 200w, https:\/\/josemduran.com\/scania\/wp-content\/uploads\/2019\/06\/registro-300x41.png 300w, https:\/\/josemduran.com\/scania\/wp-content\/uploads\/2019\/06\/registro-400x54.png 400w, https:\/\/josemduran.com\/scania\/wp-content\/uploads\/2019\/06\/registro-600x82.png 600w, https:\/\/josemduran.com\/scania\/wp-content\/uploads\/2019\/06\/registro.png 646w\" sizes=\"(max-width: 646px) 100vw, 646px\" \/><\/p>\n<p>Utilice nuestra aplicaci\u00f3n* para acceder a la misma funci\u00f3n que se utiliza en el portal de Servicios de Gesti\u00f3n de Flotas. Detecte los cambios antes de que se conviertan en problemas y utilice el servicio de Mensajer\u00eda Scania para ponerse en contacto con los conductores y mantener el control. Pruebe la demo.<\/p>\n<\/div><div class=\"fusion-builder-row fusion-builder-row-inner fusion-row\"><div class=\"fusion-layout-column fusion_builder_column_inner fusion-builder-nested-column-5 fusion_builder_column_inner_1_2 1_2 fusion-one-half fusion-column-first fusion-column-inner-bg-wrapper\" style=\"width:50%;width:calc(50% - ( ( 4% ) * 0.5 ) );margin-right: 4%;margin-top:0px;margin-bottom:20px;\"><div class=\"fusion-column-wrapper fusion-flex-column-wrapper-legacy\" style=\"padding: 0px 0px 0px 0px;\" data-bg-url=\"https:\/\/josemduran.com\/scania\/wp-content\/uploads\/2019\/06\/androide.jpg\"><div class=\"fusion-clearfix\"><\/div><\/div><span class=\"fusion-column-inner-bg hover-type-zoomin\"><a href=\"https:\/\/play.google.com\/store\/apps\/details?id=se.scania.fms&amp;hl=en\"><span class=\"fusion-column-inner-bg-image\" style=\"background-image: url(&#039;https:\/\/josemduran.com\/scania\/wp-content\/uploads\/2019\/06\/androide.jpg&#039;);background-position:left top;background-repeat:no-repeat;-webkit-background-size:cover;-moz-background-size:cover;-o-background-size:cover;background-size:cover;\"><\/span><\/a><\/span><\/div><div class=\"fusion-layout-column fusion_builder_column_inner fusion-builder-nested-column-6 fusion_builder_column_inner_1_2 1_2 fusion-one-half fusion-column-last fusion-column-inner-bg-wrapper\" style=\"width:50%;width:calc(50% - ( ( 4% ) * 0.5 ) );margin-top:0px;margin-bottom:20px;\"><div class=\"fusion-column-wrapper fusion-flex-column-wrapper-legacy\" style=\"padding: 0px 0px 0px 0px;\" data-bg-url=\"https:\/\/josemduran.com\/scania\/wp-content\/uploads\/2019\/06\/ios.jpg\"><div class=\"fusion-clearfix\"><\/div><\/div><span class=\"fusion-column-inner-bg hover-type-zoomin\"><a href=\"https:\/\/itunes.apple.com\/se\/app\/scania-fleet-management\/id513863147?mt=8\"><span class=\"fusion-column-inner-bg-image\" style=\"background-image: url(&#039;https:\/\/josemduran.com\/scania\/wp-content\/uploads\/2019\/06\/ios.jpg&#039;);background-position:left top;background-repeat:no-repeat;-webkit-background-size:cover;-moz-background-size:cover;-o-background-size:cover;background-size:cover;\"><\/span><\/a><\/span><\/div><div class=\"fusion-layout-column fusion_builder_column_inner fusion-builder-nested-column-7 fusion_builder_column_inner_1_2 1_2 fusion-one-half fusion-column-first\" style=\"width:50%;width:calc(50% - ( ( 4% ) * 0.5 ) );margin-right: 4%;margin-top:0px;margin-bottom:20px;\"><div class=\"fusion-column-wrapper fusion-flex-column-wrapper-legacy\" style=\"background-position:left top;background-repeat:no-repeat;-webkit-background-size:cover;-moz-background-size:cover;-o-background-size:cover;background-size:cover;padding: 0px 0px 0px 0px;\"><div class=\"fusion-text fusion-text-4\"><p style=\"text-align: center;\">\u00a0<a href=\"https:\/\/play.google.com\/store\/apps\/details?id=se.scania.fms&amp;hl=en\"><img decoding=\"async\" class=\"alignnone size-full wp-image-12233\" src=\"https:\/\/josemduran.com\/scania\/wp-content\/uploads\/2019\/06\/and.png\" alt=\"\" width=\"275\" height=\"70\" srcset=\"https:\/\/josemduran.com\/scania\/wp-content\/uploads\/2019\/06\/and-200x51.png 200w, https:\/\/josemduran.com\/scania\/wp-content\/uploads\/2019\/06\/and.png 275w\" sizes=\"(max-width: 275px) 100vw, 275px\" \/><\/a><\/p>\n<\/div><div class=\"fusion-clearfix\"><\/div><\/div><\/div><div class=\"fusion-layout-column fusion_builder_column_inner fusion-builder-nested-column-8 fusion_builder_column_inner_1_2 1_2 fusion-one-half fusion-column-last\" style=\"width:50%;width:calc(50% - ( ( 4% ) * 0.5 ) );margin-top:0px;margin-bottom:20px;\"><div class=\"fusion-column-wrapper fusion-flex-column-wrapper-legacy\" style=\"background-position:left top;background-repeat:no-repeat;-webkit-background-size:cover;-moz-background-size:cover;-o-background-size:cover;background-size:cover;padding: 0px 0px 0px 0px;\"><div class=\"fusion-text fusion-text-5\"><p style=\"text-align: center;\">\u00a0<a href=\"https:\/\/itunes.apple.com\/se\/app\/scania-fleet-management\/id513863147?mt=8\"><img decoding=\"async\" class=\"alignnone size-full wp-image-12235\" src=\"https:\/\/josemduran.com\/scania\/wp-content\/uploads\/2019\/06\/io.png\" alt=\"\" width=\"275\" height=\"70\" srcset=\"https:\/\/josemduran.com\/scania\/wp-content\/uploads\/2019\/06\/io-200x51.png 200w, https:\/\/josemduran.com\/scania\/wp-content\/uploads\/2019\/06\/io.png 275w\" sizes=\"(max-width: 275px) 100vw, 275px\" \/><\/a><\/p>\n<\/div><div class=\"fusion-clearfix\"><\/div><\/div><\/div><\/div><div class=\"fusion-clearfix\"><\/div><\/div><\/div><\/div><\/div>\n","protected":false},"excerpt":{"rendered":"","protected":false},"author":1,"featured_media":0,"parent":0,"menu_order":0,"comment_status":"open","ping_status":"closed","template":"100-width.php","meta":{"content-type":"","footnotes":""},"class_list":["post-12215","page","type-page","status-publish","hentry"],"_links":{"self":[{"href":"https:\/\/josemduran.com\/scania\/index.php?rest_route=\/wp\/v2\/pages\/12215","targetHints":{"allow":["GET"]}}],"collection":[{"href":"https:\/\/josemduran.com\/scania\/index.php?rest_route=\/wp\/v2\/pages"}],"about":[{"href":"https:\/\/josemduran.com\/scania\/index.php?rest_route=\/wp\/v2\/types\/page"}],"author":[{"embeddable":true,"href":"https:\/\/josemduran.com\/scania\/index.php?rest_route=\/wp\/v2\/users\/1"}],"replies":[{"embeddable":true,"href":"https:\/\/josemduran.com\/scania\/index.php?rest_route=%2Fwp%2Fv2%2Fcomments&post=12215"}],"version-history":[{"count":8,"href":"https:\/\/josemduran.com\/scania\/index.php?rest_route=\/wp\/v2\/pages\/12215\/revisions"}],"predecessor-version":[{"id":12236,"href":"https:\/\/josemduran.com\/scania\/index.php?rest_route=\/wp\/v2\/pages\/12215\/revisions\/12236"}],"wp:attachment":[{"href":"https:\/\/josemduran.com\/scania\/index.php?rest_route=%2Fwp%2Fv2%2Fmedia&parent=12215"}],"curies":[{"name":"wp","href":"https:\/\/api.w.org\/{rel}","templated":true}]}}