{"id":12184,"date":"2019-06-25T19:17:15","date_gmt":"2019-06-25T17:17:15","guid":{"rendered":"http:\/\/josemduran.com\/scania\/?page_id=12184"},"modified":"2019-06-25T20:37:23","modified_gmt":"2019-06-25T18:37:23","slug":"home-version-11-2-4-2-2","status":"publish","type":"page","link":"https:\/\/josemduran.com\/scania\/?page_id=12184","title":{"rendered":"SERVICIOS PARA CONDUCTORES"},"content":{"rendered":"<p><div class=\"fusion-fullwidth fullwidth-box fusion-builder-row-1 nonhundred-percent-fullwidth non-hundred-percent-height-scrolling\" style=\"background-color: #ffffff;background-position: center center;background-repeat: no-repeat;padding-top:50px;padding-right:0px;padding-bottom:0px;padding-left:0px;margin-bottom: 0px;margin-top: 0px;border-width: 0px 0px 0px 0px;border-color:#e5e4e4;border-style:solid;\" ><div class=\"fusion-builder-row fusion-row\"><div class=\"fusion-layout-column fusion_builder_column fusion-builder-column-0 fusion_builder_column_1_1 1_1 fusion-one-full fusion-column-first fusion-column-last fusion-column-no-min-height\" style=\"margin-top:0px;margin-bottom:0px;\"><div class=\"fusion-column-wrapper fusion-flex-column-wrapper-legacy\" style=\"background-position:left top;background-repeat:no-repeat;-webkit-background-size:cover;-moz-background-size:cover;-o-background-size:cover;background-size:cover;padding: 0px 0px 0px 0px;\"><div class=\"fusion-slider-sc fusion-flexslider-loading flexslider flexslider-hover-type-none\" data-slideshow_autoplay=\"1\" data-slideshow_smooth_height=\"0\" data-slideshow_speed=\"7000\" style=\"max-width:100%;height:100%;\"><ul class=\"slides\"><li class=\"image\"><span class=\"fusion-image-hover-element hover-type-none\"><img decoding=\"async\" src=\"https:\/\/josemduran.com\/scania\/wp-content\/uploads\/2019\/06\/SERVICIOS.png\" width=\"1920\" height=\"641\" class=\"wp-image-12187\" srcset=\"https:\/\/josemduran.com\/scania\/wp-content\/uploads\/2019\/06\/SERVICIOS-200x67.png 200w, https:\/\/josemduran.com\/scania\/wp-content\/uploads\/2019\/06\/SERVICIOS-400x134.png 400w, https:\/\/josemduran.com\/scania\/wp-content\/uploads\/2019\/06\/SERVICIOS-600x200.png 600w, https:\/\/josemduran.com\/scania\/wp-content\/uploads\/2019\/06\/SERVICIOS-800x267.png 800w, https:\/\/josemduran.com\/scania\/wp-content\/uploads\/2019\/06\/SERVICIOS-1200x401.png 1200w, https:\/\/josemduran.com\/scania\/wp-content\/uploads\/2019\/06\/SERVICIOS.png 1920w\" sizes=\"(max-width: 800px) 100vw, 1200px\" \/><\/span><\/li><\/ul><\/div><div class=\"fusion-text fusion-text-1\"><p style=\"text-align: center;\"><img decoding=\"async\" class=\"alignnone size-full wp-image-12189\" src=\"https:\/\/josemduran.com\/scania\/wp-content\/uploads\/2019\/06\/EXPERIENCIA.png\" alt=\"\" width=\"705\" height=\"88\" srcset=\"https:\/\/josemduran.com\/scania\/wp-content\/uploads\/2019\/06\/EXPERIENCIA-200x25.png 200w, https:\/\/josemduran.com\/scania\/wp-content\/uploads\/2019\/06\/EXPERIENCIA-300x37.png 300w, https:\/\/josemduran.com\/scania\/wp-content\/uploads\/2019\/06\/EXPERIENCIA-400x50.png 400w, https:\/\/josemduran.com\/scania\/wp-content\/uploads\/2019\/06\/EXPERIENCIA-600x75.png 600w, https:\/\/josemduran.com\/scania\/wp-content\/uploads\/2019\/06\/EXPERIENCIA-700x88.png 700w, https:\/\/josemduran.com\/scania\/wp-content\/uploads\/2019\/06\/EXPERIENCIA.png 705w\" sizes=\"(max-width: 705px) 100vw, 705px\" \/><\/p>\n<p>Ofrecemos capacitaci\u00f3n de conductores, asesoramiento y herramientas de categor\u00eda mundial para nuestros conductores de Scania. Los conductores con experiencia y los conductores nuevos se benefician por igual de un entorno de conducci\u00f3n seguro y ergon\u00f3mico, mientras que las t\u00e9cnicas de conducci\u00f3n avanzadas ahorran combustible y tambi\u00e9n protegen el medio ambiente.<\/p>\n<\/div><div class=\"fusion-builder-row fusion-builder-row-inner fusion-row\"><div class=\"fusion-layout-column fusion_builder_column_inner fusion-builder-nested-column-0 fusion_builder_column_inner_1_3 1_3 fusion-one-third fusion-column-first\" style=\"width:33.333333333333%;width:calc(33.333333333333% - ( ( 4% + 4% ) * 0.33333333333333 ) );margin-right: 4%;margin-top:0px;margin-bottom:20px;\"><div class=\"fusion-column-wrapper fusion-flex-column-wrapper-legacy\" style=\"background-image: url(&#039;https:\/\/josemduran.com\/scania\/wp-content\/uploads\/2019\/06\/secreto.png&#039;);background-position:left top;background-repeat:no-repeat;-webkit-background-size:cover;-moz-background-size:cover;-o-background-size:cover;background-size:cover;padding: 0px 0px 0px 0px;\" data-bg-url=\"https:\/\/josemduran.com\/scania\/wp-content\/uploads\/2019\/06\/secreto.png\"><div class=\"fusion-clearfix\"><\/div><\/div><\/div><div class=\"fusion-layout-column fusion_builder_column_inner fusion-builder-nested-column-1 fusion_builder_column_inner_1_3 1_3 fusion-one-third\" style=\"width:33.333333333333%;width:calc(33.333333333333% - ( ( 4% + 4% ) * 0.33333333333333 ) );margin-right: 4%;margin-top:0px;margin-bottom:20px;\"><div class=\"fusion-column-wrapper fusion-flex-column-wrapper-legacy\" style=\"background-image: url(&#039;https:\/\/josemduran.com\/scania\/wp-content\/uploads\/2019\/06\/datos.png&#039;);background-position:left top;background-repeat:no-repeat;-webkit-background-size:cover;-moz-background-size:cover;-o-background-size:cover;background-size:cover;padding: 0px 0px 0px 0px;\" data-bg-url=\"https:\/\/josemduran.com\/scania\/wp-content\/uploads\/2019\/06\/datos.png\"><div class=\"fusion-clearfix\"><\/div><\/div><\/div><div class=\"fusion-layout-column fusion_builder_column_inner fusion-builder-nested-column-2 fusion_builder_column_inner_1_3 1_3 fusion-one-third fusion-column-last\" style=\"width:33.333333333333%;width:calc(33.333333333333% - ( ( 4% + 4% ) * 0.33333333333333 ) );margin-top:0px;margin-bottom:20px;\"><div class=\"fusion-column-wrapper fusion-flex-column-wrapper-legacy\" style=\"background-image: url(&#039;https:\/\/josemduran.com\/scania\/wp-content\/uploads\/2019\/06\/ahorro.png&#039;);background-position:left top;background-repeat:no-repeat;-webkit-background-size:cover;-moz-background-size:cover;-o-background-size:cover;background-size:cover;padding: 0px 0px 0px 0px;\" data-bg-url=\"https:\/\/josemduran.com\/scania\/wp-content\/uploads\/2019\/06\/ahorro.png\"><div class=\"fusion-clearfix\"><\/div><\/div><\/div><\/div><div class=\"fusion-sep-clear\"><\/div><div class=\"fusion-separator fusion-full-width-sep\" style=\"margin-left: auto;margin-right: auto;width:100%;\"><\/div><div class=\"fusion-sep-clear\"><\/div><div class=\"fusion-clearfix\"><\/div><\/div><\/div><\/div><\/div><div class=\"fusion-fullwidth fullwidth-box fusion-builder-row-2 nonhundred-percent-fullwidth non-hundred-percent-height-scrolling\" style=\"background-color: #ffffff;background-position: center center;background-repeat: no-repeat;padding-top:0px;padding-right:0px;padding-bottom:0px;padding-left:0px;margin-bottom: 0px;margin-top: 0px;border-width: 0px 0px 0px 0px;border-color:#eae9e9;border-style:solid;\" ><div class=\"fusion-builder-row fusion-row\"><div class=\"fusion-layout-column fusion_builder_column fusion-builder-column-1 fusion_builder_column_1_1 1_1 fusion-one-full fusion-column-first fusion-column-last\" style=\"margin-top:0px;margin-bottom:20px;\"><div class=\"fusion-column-wrapper fusion-flex-column-wrapper-legacy\" style=\"background-position:left top;background-repeat:no-repeat;-webkit-background-size:cover;-moz-background-size:cover;-o-background-size:cover;background-size:cover;padding: 0px 0px 0px 0px;\"><div class=\"fusion-builder-row fusion-builder-row-inner fusion-row\"><div class=\"fusion-layout-column fusion_builder_column_inner fusion-builder-nested-column-3 fusion_builder_column_inner_1_2 1_2 fusion-one-half fusion-column-first\" style=\"width:50%;width:calc(50% - ( ( 4% ) * 0.5 ) );margin-right: 4%;margin-top:0px;margin-bottom:20px;\"><div class=\"fusion-column-wrapper fusion-flex-column-wrapper-legacy\" style=\"background-image: url(&#039;https:\/\/josemduran.com\/scania\/wp-content\/uploads\/2019\/06\/image-20.jpg&#039;);background-position:left top;background-repeat:no-repeat;-webkit-background-size:cover;-moz-background-size:cover;-o-background-size:cover;background-size:cover;padding: 0px 0px 0px 0px;\" data-bg-url=\"https:\/\/josemduran.com\/scania\/wp-content\/uploads\/2019\/06\/image-20.jpg\"><div class=\"fusion-clearfix\"><\/div><\/div><\/div><div class=\"fusion-layout-column fusion_builder_column_inner fusion-builder-nested-column-4 fusion_builder_column_inner_1_2 1_2 fusion-one-half fusion-column-last\" style=\"width:50%;width:calc(50% - ( ( 4% ) * 0.5 ) );margin-top:0px;margin-bottom:20px;\"><div class=\"fusion-column-wrapper fusion-flex-column-wrapper-legacy\" style=\"background-image: url(&#039;https:\/\/josemduran.com\/scania\/wp-content\/uploads\/2019\/06\/orgulloso-de-cada-viaje.png&#039;);background-position:left top;background-repeat:no-repeat;-webkit-background-size:cover;-moz-background-size:cover;-o-background-size:cover;background-size:cover;padding: 0px 0px 0px 0px;\" data-bg-url=\"https:\/\/josemduran.com\/scania\/wp-content\/uploads\/2019\/06\/orgulloso-de-cada-viaje.png\"><div class=\"fusion-clearfix\"><\/div><\/div><\/div><div class=\"fusion-layout-column fusion_builder_column_inner fusion-builder-nested-column-5 fusion_builder_column_inner_1_2 1_2 fusion-one-half fusion-column-first\" style=\"width:50%;width:calc(50% - ( ( 4% ) * 0.5 ) );margin-right: 4%;margin-top:0px;margin-bottom:20px;\"><div class=\"fusion-column-wrapper fusion-flex-column-wrapper-legacy\" style=\"background-image: url(&#039;https:\/\/josemduran.com\/scania\/wp-content\/uploads\/2019\/06\/conduzca.png&#039;);background-position:left top;background-repeat:no-repeat;-webkit-background-size:cover;-moz-background-size:cover;-o-background-size:cover;background-size:cover;padding: 0px 0px 0px 0px;\" data-bg-url=\"https:\/\/josemduran.com\/scania\/wp-content\/uploads\/2019\/06\/conduzca.png\"><div class=\"fusion-clearfix\"><\/div><\/div><\/div><div class=\"fusion-layout-column fusion_builder_column_inner fusion-builder-nested-column-6 fusion_builder_column_inner_1_2 1_2 fusion-one-half fusion-column-last\" style=\"width:50%;width:calc(50% - ( ( 4% ) * 0.5 ) );margin-top:0px;margin-bottom:20px;\"><div class=\"fusion-column-wrapper fusion-flex-column-wrapper-legacy\" style=\"background-image: url(&#039;https:\/\/josemduran.com\/scania\/wp-content\/uploads\/2019\/06\/image-21.jpg&#039;);background-position:left top;background-repeat:no-repeat;-webkit-background-size:cover;-moz-background-size:cover;-o-background-size:cover;background-size:cover;padding: 0px 0px 0px 0px;\" data-bg-url=\"https:\/\/josemduran.com\/scania\/wp-content\/uploads\/2019\/06\/image-21.jpg\"><div class=\"fusion-clearfix\"><\/div><\/div><\/div><div class=\"fusion-layout-column fusion_builder_column_inner fusion-builder-nested-column-7 fusion_builder_column_inner_1_2 1_2 fusion-one-half fusion-column-first\" style=\"width:50%;width:calc(50% - ( ( 4% ) * 0.5 ) );margin-right: 4%;margin-top:0px;margin-bottom:20px;\"><div class=\"fusion-column-wrapper fusion-flex-column-wrapper-legacy\" style=\"background-image: url(&#039;https:\/\/josemduran.com\/scania\/wp-content\/uploads\/2019\/06\/image-22.jpg&#039;);background-position:left top;background-repeat:no-repeat;-webkit-background-size:cover;-moz-background-size:cover;-o-background-size:cover;background-size:cover;padding: 0px 0px 0px 0px;\" data-bg-url=\"https:\/\/josemduran.com\/scania\/wp-content\/uploads\/2019\/06\/image-22.jpg\"><div class=\"fusion-clearfix\"><\/div><\/div><\/div><div class=\"fusion-layout-column fusion_builder_column_inner fusion-builder-nested-column-8 fusion_builder_column_inner_1_2 1_2 fusion-one-half fusion-column-last\" style=\"width:50%;width:calc(50% - ( ( 4% ) * 0.5 ) );margin-top:0px;margin-bottom:20px;\"><div class=\"fusion-column-wrapper fusion-flex-column-wrapper-legacy\" style=\"background-image: url(&#039;https:\/\/josemduran.com\/scania\/wp-content\/uploads\/2019\/06\/acompa\u00f1ando.png&#039;);background-position:left top;background-repeat:no-repeat;-webkit-background-size:cover;-moz-background-size:cover;-o-background-size:cover;background-size:cover;padding: 0px 0px 0px 0px;\" data-bg-url=\"https:\/\/josemduran.com\/scania\/wp-content\/uploads\/2019\/06\/acompa\u00f1ando.png\"><div class=\"fusion-clearfix\"><\/div><\/div><\/div><\/div><div class=\"fusion-clearfix\"><\/div><\/div><\/div><\/div><\/div><\/p>\n","protected":false},"excerpt":{"rendered":"","protected":false},"author":1,"featured_media":0,"parent":0,"menu_order":0,"comment_status":"open","ping_status":"closed","template":"100-width.php","meta":{"content-type":"","footnotes":""},"class_list":["post-12184","page","type-page","status-publish","hentry"],"_links":{"self":[{"href":"https:\/\/josemduran.com\/scania\/index.php?rest_route=\/wp\/v2\/pages\/12184","targetHints":{"allow":["GET"]}}],"collection":[{"href":"https:\/\/josemduran.com\/scania\/index.php?rest_route=\/wp\/v2\/pages"}],"about":[{"href":"https:\/\/josemduran.com\/scania\/index.php?rest_route=\/wp\/v2\/types\/page"}],"author":[{"embeddable":true,"href":"https:\/\/josemduran.com\/scania\/index.php?rest_route=\/wp\/v2\/users\/1"}],"replies":[{"embeddable":true,"href":"https:\/\/josemduran.com\/scania\/index.php?rest_route=%2Fwp%2Fv2%2Fcomments&post=12184"}],"version-history":[{"count":6,"href":"https:\/\/josemduran.com\/scania\/index.php?rest_route=\/wp\/v2\/pages\/12184\/revisions"}],"predecessor-version":[{"id":12202,"href":"https:\/\/josemduran.com\/scania\/index.php?rest_route=\/wp\/v2\/pages\/12184\/revisions\/12202"}],"wp:attachment":[{"href":"https:\/\/josemduran.com\/scania\/index.php?rest_route=%2Fwp%2Fv2%2Fmedia&parent=12184"}],"curies":[{"name":"wp","href":"https:\/\/api.w.org\/{rel}","templated":true}]}}