{"id":12069,"date":"2019-06-24T20:25:55","date_gmt":"2019-06-24T18:25:55","guid":{"rendered":"http:\/\/josemduran.com\/scania\/?page_id=12069"},"modified":"2019-06-24T21:34:44","modified_gmt":"2019-06-24T19:34:44","slug":"home-version-11-2-2","status":"publish","type":"page","link":"https:\/\/josemduran.com\/scania\/?page_id=12069","title":{"rendered":"BUSES Y \u00d3MNIBUS"},"content":{"rendered":"<div class=\"fusion-fullwidth fullwidth-box fusion-builder-row-1 nonhundred-percent-fullwidth non-hundred-percent-height-scrolling\" style=\"background-color: #ffffff;background-position: center center;background-repeat: no-repeat;padding-top:50px;padding-right:0px;padding-bottom:0px;padding-left:0px;margin-bottom: 0px;margin-top: 0px;border-width: 0px 0px 0px 0px;border-color:#e5e4e4;border-style:solid;\" ><div class=\"fusion-builder-row fusion-row\"><div class=\"fusion-layout-column fusion_builder_column fusion-builder-column-0 fusion_builder_column_1_1 1_1 fusion-one-full fusion-column-first fusion-column-last fusion-column-no-min-height\" style=\"margin-top:0px;margin-bottom:0px;\"><div class=\"fusion-column-wrapper fusion-flex-column-wrapper-legacy\" style=\"background-position:left top;background-repeat:no-repeat;-webkit-background-size:cover;-moz-background-size:cover;-o-background-size:cover;background-size:cover;padding: 0px 0px 0px 0px;\"><div class=\"fusion-slider-sc fusion-flexslider-loading flexslider flexslider-hover-type-none\" data-slideshow_autoplay=\"1\" data-slideshow_smooth_height=\"0\" data-slideshow_speed=\"7000\" style=\"max-width:100%;height:100%;\"><ul class=\"slides\"><li class=\"image\"><span class=\"fusion-image-hover-element hover-type-none\"><img decoding=\"async\" src=\"https:\/\/josemduran.com\/scania\/wp-content\/uploads\/2019\/06\/buses.png\" width=\"1920\" height=\"641\" class=\"wp-image-12071\" srcset=\"https:\/\/josemduran.com\/scania\/wp-content\/uploads\/2019\/06\/buses-200x67.png 200w, https:\/\/josemduran.com\/scania\/wp-content\/uploads\/2019\/06\/buses-400x134.png 400w, https:\/\/josemduran.com\/scania\/wp-content\/uploads\/2019\/06\/buses-600x200.png 600w, https:\/\/josemduran.com\/scania\/wp-content\/uploads\/2019\/06\/buses-800x267.png 800w, https:\/\/josemduran.com\/scania\/wp-content\/uploads\/2019\/06\/buses-1200x401.png 1200w, https:\/\/josemduran.com\/scania\/wp-content\/uploads\/2019\/06\/buses.png 1920w\" sizes=\"(max-width: 800px) 100vw, 1200px\" \/><\/span><\/li><\/ul><\/div><div class=\"fusion-text fusion-text-1\"><p><img decoding=\"async\" class=\"size-full wp-image-12072 aligncenter\" src=\"https:\/\/josemduran.com\/scania\/wp-content\/uploads\/2019\/06\/trasladar.png\" alt=\"\" width=\"712\" height=\"88\" srcset=\"https:\/\/josemduran.com\/scania\/wp-content\/uploads\/2019\/06\/trasladar-200x25.png 200w, https:\/\/josemduran.com\/scania\/wp-content\/uploads\/2019\/06\/trasladar-300x37.png 300w, https:\/\/josemduran.com\/scania\/wp-content\/uploads\/2019\/06\/trasladar-400x49.png 400w, https:\/\/josemduran.com\/scania\/wp-content\/uploads\/2019\/06\/trasladar-600x74.png 600w, https:\/\/josemduran.com\/scania\/wp-content\/uploads\/2019\/06\/trasladar-700x88.png 700w, https:\/\/josemduran.com\/scania\/wp-content\/uploads\/2019\/06\/trasladar.png 712w\" sizes=\"(max-width: 712px) 100vw, 712px\" \/><\/p>\n<p>Los autobuses y \u00f3mnibus de Scania se inspiran en las personas que viajan en ellos y en quienes los conducen. Nos dedicamos a crear veh\u00edculos que ofrecen los mejores resultados posibles, tanto si se trata de pasajeros felices que deben trasladarse a diario al trabajo o de soluciones rentables para administradores de flotas.<\/p>\n<\/div><div class=\"fusion-text fusion-text-2\"><p><img decoding=\"async\" class=\"size-full wp-image-12078 aligncenter\" src=\"https:\/\/josemduran.com\/scania\/wp-content\/uploads\/2019\/06\/opciones.png\" alt=\"\" width=\"431\" height=\"38\" srcset=\"https:\/\/josemduran.com\/scania\/wp-content\/uploads\/2019\/06\/opciones-200x18.png 200w, https:\/\/josemduran.com\/scania\/wp-content\/uploads\/2019\/06\/opciones-300x26.png 300w, https:\/\/josemduran.com\/scania\/wp-content\/uploads\/2019\/06\/opciones-400x35.png 400w, https:\/\/josemduran.com\/scania\/wp-content\/uploads\/2019\/06\/opciones.png 431w\" sizes=\"(max-width: 431px) 100vw, 431px\" \/><\/p>\n<\/div><div class=\"fusion-builder-row fusion-builder-row-inner fusion-row\"><div class=\"fusion-layout-column fusion_builder_column_inner fusion-builder-nested-column-0 fusion_builder_column_inner_1_3 1_3 fusion-one-third fusion-column-first fusion-column-inner-bg-wrapper\" style=\"width:33.333333333333%;width:calc(33.333333333333% - ( ( 4% + 4% ) * 0.33333333333333 ) );margin-right: 4%;margin-top:0px;margin-bottom:20px;\"><div class=\"fusion-column-wrapper fusion-flex-column-wrapper-legacy\" style=\"padding: 0px 0px 0px 0px;\" data-bg-url=\"https:\/\/josemduran.com\/scania\/wp-content\/uploads\/2019\/06\/image1-3.jpg\"><div class=\"fusion-clearfix\"><\/div><\/div><span class=\"fusion-column-inner-bg hover-type-zoomin\"><a class=\"fusion-column-inner-anchor\"><span class=\"fusion-column-inner-bg-image\" style=\"background-image: url(&#039;https:\/\/josemduran.com\/scania\/wp-content\/uploads\/2019\/06\/image1-3.jpg&#039;);background-position:left top;background-repeat:no-repeat;-webkit-background-size:cover;-moz-background-size:cover;-o-background-size:cover;background-size:cover;\"><\/span><\/a><\/span><\/div><div class=\"fusion-layout-column fusion_builder_column_inner fusion-builder-nested-column-1 fusion_builder_column_inner_1_3 1_3 fusion-one-third fusion-column-inner-bg-wrapper\" style=\"width:33.333333333333%;width:calc(33.333333333333% - ( ( 4% + 4% ) * 0.33333333333333 ) );margin-right: 4%;margin-top:0px;margin-bottom:20px;\"><div class=\"fusion-column-wrapper fusion-flex-column-wrapper-legacy\" style=\"padding: 0px 0px 0px 0px;\" data-bg-url=\"https:\/\/josemduran.com\/scania\/wp-content\/uploads\/2019\/06\/image2.jpg\"><div class=\"fusion-clearfix\"><\/div><\/div><span class=\"fusion-column-inner-bg hover-type-zoomin\"><a class=\"fusion-column-inner-anchor\"><span class=\"fusion-column-inner-bg-image\" style=\"background-image: url(&#039;https:\/\/josemduran.com\/scania\/wp-content\/uploads\/2019\/06\/image2.jpg&#039;);background-position:left top;background-repeat:no-repeat;-webkit-background-size:cover;-moz-background-size:cover;-o-background-size:cover;background-size:cover;\"><\/span><\/a><\/span><\/div><div class=\"fusion-layout-column fusion_builder_column_inner fusion-builder-nested-column-2 fusion_builder_column_inner_1_3 1_3 fusion-one-third fusion-column-last fusion-column-inner-bg-wrapper\" style=\"width:33.333333333333%;width:calc(33.333333333333% - ( ( 4% + 4% ) * 0.33333333333333 ) );margin-top:0px;margin-bottom:20px;\"><div class=\"fusion-column-wrapper fusion-flex-column-wrapper-legacy\" style=\"padding: 0px 0px 0px 0px;\" data-bg-url=\"https:\/\/josemduran.com\/scania\/wp-content\/uploads\/2019\/06\/image3.jpg\"><div class=\"fusion-clearfix\"><\/div><\/div><span class=\"fusion-column-inner-bg hover-type-zoomin\"><a class=\"fusion-column-inner-anchor\"><span class=\"fusion-column-inner-bg-image\" style=\"background-image: url(&#039;https:\/\/josemduran.com\/scania\/wp-content\/uploads\/2019\/06\/image3.jpg&#039;);background-position:left top;background-repeat:no-repeat;-webkit-background-size:cover;-moz-background-size:cover;-o-background-size:cover;background-size:cover;\"><\/span><\/a><\/span><\/div><\/div><div class=\"fusion-builder-row fusion-builder-row-inner fusion-row\"><div class=\"fusion-layout-column fusion_builder_column_inner fusion-builder-nested-column-3 fusion_builder_column_inner_1_3 1_3 fusion-one-third fusion-column-first fusion-column-inner-bg-wrapper\" style=\"width:33.333333333333%;width:calc(33.333333333333% - ( ( 4% + 4% ) * 0.33333333333333 ) );margin-right: 4%;margin-top:0px;margin-bottom:20px;\"><div class=\"fusion-column-wrapper fusion-flex-column-wrapper-legacy\" style=\"padding: 0px 0px 0px 0px;\"><div class=\"fusion-text fusion-text-3\"><p style=\"text-align: center;\"><img decoding=\"async\" class=\"alignnone size-full wp-image-12087\" src=\"https:\/\/josemduran.com\/scania\/wp-content\/uploads\/2019\/06\/URBANO.png\" alt=\"\" width=\"322\" height=\"45\" srcset=\"https:\/\/josemduran.com\/scania\/wp-content\/uploads\/2019\/06\/URBANO-200x28.png 200w, https:\/\/josemduran.com\/scania\/wp-content\/uploads\/2019\/06\/URBANO-300x42.png 300w, https:\/\/josemduran.com\/scania\/wp-content\/uploads\/2019\/06\/URBANO-320x45.png 320w, https:\/\/josemduran.com\/scania\/wp-content\/uploads\/2019\/06\/URBANO.png 322w\" sizes=\"(max-width: 322px) 100vw, 322px\" \/><\/p>\n<p>Diferentes longitudes, varias alturas de piso y posiciones del conductor para proporcionar comidad y una alta capacidad de pasajeros.<\/p>\n<p><img decoding=\"async\" class=\"alignnone size-full wp-image-12088 aligncenter\" src=\"https:\/\/josemduran.com\/scania\/wp-content\/uploads\/2019\/06\/ver.png\" alt=\"\" width=\"106\" height=\"100\" \/><\/p>\n<\/div><div class=\"fusion-clearfix\"><\/div><\/div><span class=\"fusion-column-inner-bg hover-type-zoomin\"><a class=\"fusion-column-inner-anchor\"><span class=\"fusion-column-inner-bg-image\" style=\"background-position:left top;background-repeat:no-repeat;-webkit-background-size:cover;-moz-background-size:cover;-o-background-size:cover;background-size:cover;\"><\/span><\/a><\/span><\/div><div class=\"fusion-layout-column fusion_builder_column_inner fusion-builder-nested-column-4 fusion_builder_column_inner_1_3 1_3 fusion-one-third fusion-column-inner-bg-wrapper\" style=\"width:33.333333333333%;width:calc(33.333333333333% - ( ( 4% + 4% ) * 0.33333333333333 ) );margin-right: 4%;margin-top:0px;margin-bottom:20px;\"><div class=\"fusion-column-wrapper fusion-flex-column-wrapper-legacy\" style=\"padding: 0px 0px 0px 0px;\"><div class=\"fusion-text fusion-text-4\"><p><img decoding=\"async\" class=\"size-full wp-image-12089 aligncenter\" src=\"https:\/\/josemduran.com\/scania\/wp-content\/uploads\/2019\/06\/inter.png\" alt=\"\" width=\"222\" height=\"45\" srcset=\"https:\/\/josemduran.com\/scania\/wp-content\/uploads\/2019\/06\/inter-200x41.png 200w, https:\/\/josemduran.com\/scania\/wp-content\/uploads\/2019\/06\/inter.png 222w\" sizes=\"(max-width: 222px) 100vw, 222px\" \/><\/p>\n<p>Proporcionamos una completa variedad de m\u00f3dulos, funciones y opciones para usos tur\u00edsticos, directos o de finalidades diversas.<\/p>\n<p><img decoding=\"async\" class=\"alignnone size-full wp-image-12088 aligncenter\" src=\"https:\/\/josemduran.com\/scania\/wp-content\/uploads\/2019\/06\/ver.png\" alt=\"\" width=\"106\" height=\"100\" \/><\/p>\n<\/div><div class=\"fusion-clearfix\"><\/div><\/div><span class=\"fusion-column-inner-bg hover-type-zoomin\"><a class=\"fusion-column-inner-anchor\"><span class=\"fusion-column-inner-bg-image\" style=\"background-position:left top;background-repeat:no-repeat;-webkit-background-size:cover;-moz-background-size:cover;-o-background-size:cover;background-size:cover;\"><\/span><\/a><\/span><\/div><div class=\"fusion-layout-column fusion_builder_column_inner fusion-builder-nested-column-5 fusion_builder_column_inner_1_3 1_3 fusion-one-third fusion-column-last fusion-column-inner-bg-wrapper\" style=\"width:33.333333333333%;width:calc(33.333333333333% - ( ( 4% + 4% ) * 0.33333333333333 ) );margin-top:0px;margin-bottom:20px;\"><div class=\"fusion-column-wrapper fusion-flex-column-wrapper-legacy\" style=\"padding: 0px 0px 0px 0px;\"><div class=\"fusion-text fusion-text-5\"><p><img decoding=\"async\" class=\"alignnone size-full wp-image-12090 aligncenter\" src=\"https:\/\/josemduran.com\/scania\/wp-content\/uploads\/2019\/06\/omnibus.png\" alt=\"\" width=\"180\" height=\"45\" srcset=\"https:\/\/josemduran.com\/scania\/wp-content\/uploads\/2019\/06\/omnibus-177x45.png 177w, https:\/\/josemduran.com\/scania\/wp-content\/uploads\/2019\/06\/omnibus.png 180w\" sizes=\"(max-width: 180px) 100vw, 180px\" \/><\/p>\n<p>Fabricamos una gran variedad de \u00f3mnibus, con diferentes alturas de suelo y posiciones del conductor, por lo que las posibilidades son casi infinitas<\/p>\n<p><img decoding=\"async\" class=\"alignnone size-full wp-image-12088 aligncenter\" src=\"https:\/\/josemduran.com\/scania\/wp-content\/uploads\/2019\/06\/ver.png\" alt=\"\" width=\"106\" height=\"100\" \/><\/p>\n<\/div><div class=\"fusion-clearfix\"><\/div><\/div><span class=\"fusion-column-inner-bg hover-type-zoomin\"><a class=\"fusion-column-inner-anchor\"><span class=\"fusion-column-inner-bg-image\" style=\"background-position:left top;background-repeat:no-repeat;-webkit-background-size:cover;-moz-background-size:cover;-o-background-size:cover;background-size:cover;\"><\/span><\/a><\/span><\/div><\/div><div class=\"fusion-text fusion-text-6\"><p><img decoding=\"async\" class=\"alignnone size-full wp-image-12092 aligncenter\" src=\"https:\/\/josemduran.com\/scania\/wp-content\/uploads\/2019\/06\/negocios.png\" alt=\"\" width=\"537\" height=\"88\" srcset=\"https:\/\/josemduran.com\/scania\/wp-content\/uploads\/2019\/06\/negocios-200x33.png 200w, https:\/\/josemduran.com\/scania\/wp-content\/uploads\/2019\/06\/negocios-300x49.png 300w, https:\/\/josemduran.com\/scania\/wp-content\/uploads\/2019\/06\/negocios-400x66.png 400w, https:\/\/josemduran.com\/scania\/wp-content\/uploads\/2019\/06\/negocios.png 537w\" sizes=\"(max-width: 537px) 100vw, 537px\" \/><\/p>\n<p>Sea cual sea su servicio o actividad, los autobuses y \u00f3mnibus de Scania pueden ayudarlo a mejorar la eficiencia, el consumo de combustible y la productividad.<\/p>\n<\/div><div class=\"fusion-builder-row fusion-builder-row-inner fusion-row\"><div class=\"fusion-layout-column fusion_builder_column_inner fusion-builder-nested-column-6 fusion_builder_column_inner_1_2 1_2 fusion-one-half fusion-column-first fusion-column-inner-bg-wrapper\" style=\"width:50%;width:calc(50% - ( ( 4% ) * 0.5 ) );margin-right: 4%;margin-top:0px;margin-bottom:20px;\"><div class=\"fusion-column-wrapper fusion-flex-column-wrapper-legacy\" style=\"padding: 0px 0px 0px 0px;\" data-bg-url=\"https:\/\/josemduran.com\/scania\/wp-content\/uploads\/2019\/06\/image7-1.jpg\"><div class=\"fusion-clearfix\"><\/div><\/div><span class=\"fusion-column-inner-bg hover-type-zoomin\"><a class=\"fusion-column-inner-anchor\"><span class=\"fusion-column-inner-bg-image\" style=\"background-image: url(&#039;https:\/\/josemduran.com\/scania\/wp-content\/uploads\/2019\/06\/image7-1.jpg&#039;);background-position:left top;background-repeat:no-repeat;-webkit-background-size:cover;-moz-background-size:cover;-o-background-size:cover;background-size:cover;\"><\/span><\/a><\/span><\/div><div class=\"fusion-layout-column fusion_builder_column_inner fusion-builder-nested-column-7 fusion_builder_column_inner_1_2 1_2 fusion-one-half fusion-column-last fusion-column-inner-bg-wrapper\" style=\"width:50%;width:calc(50% - ( ( 4% ) * 0.5 ) );margin-top:0px;margin-bottom:20px;\"><div class=\"fusion-column-wrapper fusion-flex-column-wrapper-legacy\" style=\"padding: 0px 0px 0px 0px;\" data-bg-url=\"https:\/\/josemduran.com\/scania\/wp-content\/uploads\/2019\/06\/image6.jpg\"><div class=\"fusion-clearfix\"><\/div><\/div><span class=\"fusion-column-inner-bg hover-type-zoomin\"><a class=\"fusion-column-inner-anchor\"><span class=\"fusion-column-inner-bg-image\" style=\"background-image: url(&#039;https:\/\/josemduran.com\/scania\/wp-content\/uploads\/2019\/06\/image6.jpg&#039;);background-position:left top;background-repeat:no-repeat;-webkit-background-size:cover;-moz-background-size:cover;-o-background-size:cover;background-size:cover;\"><\/span><\/a><\/span><\/div><\/div><div class=\"fusion-builder-row fusion-builder-row-inner fusion-row\"><div class=\"fusion-layout-column fusion_builder_column_inner fusion-builder-nested-column-8 fusion_builder_column_inner_1_2 1_2 fusion-one-half fusion-column-first fusion-column-inner-bg-wrapper\" style=\"width:50%;width:calc(50% - ( ( 4% ) * 0.5 ) );margin-right: 4%;margin-top:0px;margin-bottom:20px;\"><div class=\"fusion-column-wrapper fusion-flex-column-wrapper-legacy\" style=\"padding: 0px 0px 0px 0px;\"><div class=\"fusion-text fusion-text-7\"><p><img decoding=\"async\" class=\"size-full wp-image-12095 aligncenter\" src=\"https:\/\/josemduran.com\/scania\/wp-content\/uploads\/2019\/06\/combustible.png\" alt=\"\" width=\"209\" height=\"45\" srcset=\"https:\/\/josemduran.com\/scania\/wp-content\/uploads\/2019\/06\/combustible-200x43.png 200w, https:\/\/josemduran.com\/scania\/wp-content\/uploads\/2019\/06\/combustible.png 209w\" sizes=\"(max-width: 209px) 100vw, 209px\" \/><\/p>\n<div class=\"col-md-10 col-md-offset-1\">\n<div class=\"teaser-info\">\n<p class=\"teaser-text\">Mayor econom\u00eda de combustible en cada trayecto. Eso es bueno para la empresa, bueno para los pasajeros y bueno para el medio ambiente. Scania ofrece la m\u00e1s amplia gama de motores que funcionan con biocombustibles, con opciones de cadenas cinem\u00e1ticas h\u00edbridas avanzadas.<\/p>\n<p>Los componentes ligeros, una amplia gama de motores y el uso de combustibles alternativos como biog\u00e1s, bioetanol o biodi\u00e9sel son una soluci\u00f3n completa y potente para mejorar su econom\u00eda de combustible<\/p>\n<p><img decoding=\"async\" class=\"alignnone size-full wp-image-12096 aligncenter\" src=\"https:\/\/josemduran.com\/scania\/wp-content\/uploads\/2019\/06\/mas.png\" alt=\"\" width=\"168\" height=\"100\" \/><\/p>\n<\/div>\n<\/div>\n<\/div><div class=\"fusion-clearfix\"><\/div><\/div><span class=\"fusion-column-inner-bg hover-type-zoomin\"><a class=\"fusion-column-inner-anchor\"><span class=\"fusion-column-inner-bg-image\" style=\"background-position:left top;background-repeat:no-repeat;-webkit-background-size:cover;-moz-background-size:cover;-o-background-size:cover;background-size:cover;\"><\/span><\/a><\/span><\/div><div class=\"fusion-layout-column fusion_builder_column_inner fusion-builder-nested-column-9 fusion_builder_column_inner_1_2 1_2 fusion-one-half fusion-column-last fusion-column-inner-bg-wrapper\" style=\"width:50%;width:calc(50% - ( ( 4% ) * 0.5 ) );margin-top:0px;margin-bottom:20px;\"><div class=\"fusion-column-wrapper fusion-flex-column-wrapper-legacy\" style=\"padding: 0px 0px 0px 0px;\"><div class=\"fusion-text fusion-text-8\"><p><img decoding=\"async\" class=\"size-full wp-image-12097 aligncenter\" src=\"https:\/\/josemduran.com\/scania\/wp-content\/uploads\/2019\/06\/tiempo.png\" alt=\"\" width=\"336\" height=\"45\" srcset=\"https:\/\/josemduran.com\/scania\/wp-content\/uploads\/2019\/06\/tiempo-200x27.png 200w, https:\/\/josemduran.com\/scania\/wp-content\/uploads\/2019\/06\/tiempo-300x40.png 300w, https:\/\/josemduran.com\/scania\/wp-content\/uploads\/2019\/06\/tiempo.png 336w\" sizes=\"(max-width: 336px) 100vw, 336px\" \/><\/p>\n<p>Los autobuses y \u00f3mnibus Scania est\u00e1n hechos para durar y ofrecer rendimiento, d\u00eda tras d\u00eda, ya sea que se trate de un trayecto en autob\u00fas de 10 minutos como un viaje en \u00f3mnibus de dos semanas. La solidez y la calidad de Scania reduce las paradas en el taller, lo que le ayuda a maximizar los ingresos.<\/p>\n<p>Extenuantes trayectos diarios en las ciudades y largos recorridos por terreno monta\u00f1oso: los autobuses y \u00f3mnibus de Scania cuentan con motores s\u00f3lidos para enfrentar todas las condiciones y ofrecer el m\u00e1ximo tiempo efectivo de trabajo.<\/p>\n<p><img decoding=\"async\" class=\"size-full wp-image-12096 aligncenter\" src=\"https:\/\/josemduran.com\/scania\/wp-content\/uploads\/2019\/06\/mas.png\" alt=\"\" width=\"168\" height=\"100\" \/><\/p>\n<\/div><div class=\"fusion-clearfix\"><\/div><\/div><span class=\"fusion-column-inner-bg hover-type-zoomin\"><a class=\"fusion-column-inner-anchor\"><span class=\"fusion-column-inner-bg-image\" style=\"background-position:left top;background-repeat:no-repeat;-webkit-background-size:cover;-moz-background-size:cover;-o-background-size:cover;background-size:cover;\"><\/span><\/a><\/span><\/div><\/div><div class=\"fusion-slider-sc fusion-flexslider-loading flexslider flexslider-hover-type-none\" data-slideshow_autoplay=\"1\" data-slideshow_smooth_height=\"0\" data-slideshow_speed=\"7000\" style=\"max-width:100%;height:100%;\"><ul class=\"slides\"><li class=\"image\"><span class=\"fusion-image-hover-element hover-type-none\"><img decoding=\"async\" src=\"https:\/\/josemduran.com\/scania\/wp-content\/uploads\/2019\/06\/conduccion.jpg\" width=\"1920\" height=\"1080\" class=\"wp-image-12074\" srcset=\"https:\/\/josemduran.com\/scania\/wp-content\/uploads\/2019\/06\/conduccion-200x113.jpg 200w, https:\/\/josemduran.com\/scania\/wp-content\/uploads\/2019\/06\/conduccion-400x225.jpg 400w, https:\/\/josemduran.com\/scania\/wp-content\/uploads\/2019\/06\/conduccion-600x338.jpg 600w, https:\/\/josemduran.com\/scania\/wp-content\/uploads\/2019\/06\/conduccion-800x450.jpg 800w, https:\/\/josemduran.com\/scania\/wp-content\/uploads\/2019\/06\/conduccion-1200x675.jpg 1200w, https:\/\/josemduran.com\/scania\/wp-content\/uploads\/2019\/06\/conduccion.jpg 1920w\" sizes=\"(max-width: 800px) 100vw, 1200px\" \/><\/span><\/li><li class=\"image\"><span class=\"fusion-image-hover-element hover-type-none\"><img decoding=\"async\" src=\"https:\/\/josemduran.com\/scania\/wp-content\/uploads\/2019\/06\/respetuoso.jpg\" width=\"1920\" height=\"1080\" class=\"wp-image-12075\" srcset=\"https:\/\/josemduran.com\/scania\/wp-content\/uploads\/2019\/06\/respetuoso-200x113.jpg 200w, https:\/\/josemduran.com\/scania\/wp-content\/uploads\/2019\/06\/respetuoso-400x225.jpg 400w, https:\/\/josemduran.com\/scania\/wp-content\/uploads\/2019\/06\/respetuoso-600x338.jpg 600w, https:\/\/josemduran.com\/scania\/wp-content\/uploads\/2019\/06\/respetuoso-800x450.jpg 800w, https:\/\/josemduran.com\/scania\/wp-content\/uploads\/2019\/06\/respetuoso-1200x675.jpg 1200w, https:\/\/josemduran.com\/scania\/wp-content\/uploads\/2019\/06\/respetuoso.jpg 1920w\" sizes=\"(max-width: 800px) 100vw, 1200px\" \/><\/span><\/li><li class=\"image\"><span class=\"fusion-image-hover-element hover-type-none\"><img decoding=\"async\" src=\"https:\/\/josemduran.com\/scania\/wp-content\/uploads\/2019\/06\/espacioso.jpg\" width=\"1920\" height=\"1080\" class=\"wp-image-12076\" srcset=\"https:\/\/josemduran.com\/scania\/wp-content\/uploads\/2019\/06\/espacioso-200x113.jpg 200w, https:\/\/josemduran.com\/scania\/wp-content\/uploads\/2019\/06\/espacioso-400x225.jpg 400w, https:\/\/josemduran.com\/scania\/wp-content\/uploads\/2019\/06\/espacioso-600x338.jpg 600w, https:\/\/josemduran.com\/scania\/wp-content\/uploads\/2019\/06\/espacioso-800x450.jpg 800w, https:\/\/josemduran.com\/scania\/wp-content\/uploads\/2019\/06\/espacioso-1200x675.jpg 1200w, https:\/\/josemduran.com\/scania\/wp-content\/uploads\/2019\/06\/espacioso.jpg 1920w\" sizes=\"(max-width: 800px) 100vw, 1200px\" \/><\/span><\/li><\/ul><\/div><div class=\"fusion-clearfix\"><\/div><\/div><\/div><\/div><\/div>\n","protected":false},"excerpt":{"rendered":"","protected":false},"author":1,"featured_media":0,"parent":0,"menu_order":0,"comment_status":"open","ping_status":"closed","template":"100-width.php","meta":{"content-type":"","footnotes":""},"class_list":["post-12069","page","type-page","status-publish","hentry"],"_links":{"self":[{"href":"https:\/\/josemduran.com\/scania\/index.php?rest_route=\/wp\/v2\/pages\/12069","targetHints":{"allow":["GET"]}}],"collection":[{"href":"https:\/\/josemduran.com\/scania\/index.php?rest_route=\/wp\/v2\/pages"}],"about":[{"href":"https:\/\/josemduran.com\/scania\/index.php?rest_route=\/wp\/v2\/types\/page"}],"author":[{"embeddable":true,"href":"https:\/\/josemduran.com\/scania\/index.php?rest_route=\/wp\/v2\/users\/1"}],"replies":[{"embeddable":true,"href":"https:\/\/josemduran.com\/scania\/index.php?rest_route=%2Fwp%2Fv2%2Fcomments&post=12069"}],"version-history":[{"count":11,"href":"https:\/\/josemduran.com\/scania\/index.php?rest_route=\/wp\/v2\/pages\/12069\/revisions"}],"predecessor-version":[{"id":12101,"href":"https:\/\/josemduran.com\/scania\/index.php?rest_route=\/wp\/v2\/pages\/12069\/revisions\/12101"}],"wp:attachment":[{"href":"https:\/\/josemduran.com\/scania\/index.php?rest_route=%2Fwp%2Fv2%2Fmedia&parent=12069"}],"curies":[{"name":"wp","href":"https:\/\/api.w.org\/{rel}","templated":true}]}}