{"id":894,"date":"2019-02-20T13:55:13","date_gmt":"2019-02-20T13:55:13","guid":{"rendered":"http:\/\/josemduran.com\/jmd\/?page_id=894"},"modified":"2021-07-15T16:41:03","modified_gmt":"2021-07-15T16:41:03","slug":"servicios","status":"publish","type":"page","link":"https:\/\/josemduran.com\/jmd\/servicios\/","title":{"rendered":"SERVICIOS"},"content":{"rendered":"<p><div class=\"fusion-fullwidth fullwidth-box fusion-builder-row-1 video-background nonhundred-percent-fullwidth non-hundred-percent-height-scrolling\" style=\"background-color: #ffffff;background-position: center center;background-repeat: no-repeat;padding-top:130px;padding-right:0px;padding-bottom:130px;padding-left:0px;margin-bottom: 0px;margin-top: 0px;border-width: 0px 0px 0px 0px;border-color:#eae9e9;border-style:solid;\" ><div style='opacity:0;' class='fusion-background-video-wrapper' id='video-1' data-youtube-video-id='wGyDUK6NkWY' data-mute='yes' data-loop='1' data-loop-adjustment='' data-video-aspect-ratio='16:9'><div class='fusion-container-video-bg' id='video-2-inner'><\/div><\/div><div class=\"fusion-builder-row fusion-row\"><div class=\"fusion-layout-column fusion_builder_column fusion-builder-column-0 fusion_builder_column_1_1 1_1 fusion-one-full fusion-column-first fusion-column-last\" style=\"margin-top:0px;margin-bottom:0px;\"><div class=\"fusion-column-wrapper fusion-flex-column-wrapper-legacy\" style=\"background-position:left top;background-repeat:no-repeat;-webkit-background-size:cover;-moz-background-size:cover;-o-background-size:cover;background-size:cover;padding: 0px 0px 0px 0px;\"><div class=\"fusion-sep-clear\"><\/div><div class=\"fusion-separator fusion-full-width-sep\" style=\"margin-left: auto;margin-right: auto;margin-top:15px;width:100%;\"><\/div><div class=\"fusion-sep-clear\"><\/div><div class=\"fusion-clearfix\"><\/div><\/div><\/div><\/div><\/div><div class=\"fusion-fullwidth fullwidth-box fusion-builder-row-2 nonhundred-percent-fullwidth non-hundred-percent-height-scrolling\" style=\"background-color: #ffffff;background-position: left top;background-repeat: no-repeat;padding-top:110px;padding-right:0px;padding-bottom:110px;padding-left:0px;margin-bottom: 0px;margin-top: 0px;border-width: 0px 0px 0px 0px;border-color:#eae9e9;border-style:solid;\" ><div class=\"fusion-builder-row fusion-row\"><div class=\"fusion-layout-column fusion_builder_column fusion-builder-column-1 fusion_builder_column_1_2 1_2 fusion-one-half fusion-column-first\" style=\"width:48%; margin-right: 4%;margin-top:0px;margin-bottom:0px;\"><div class=\"fusion-column-wrapper fusion-flex-column-wrapper-legacy\" style=\"background-position:left top;background-repeat:no-repeat;-webkit-background-size:cover;-moz-background-size:cover;-o-background-size:cover;background-size:cover;padding: 0px 0px 0px 0px;\"><span class=\" fusion-imageframe imageframe-none imageframe-1 hover-type-none\" style=\"margin-right:25px;float:left;\"><img decoding=\"async\" width=\"1500\" height=\"710\" title=\"cabina-scania\" src=\"http:\/\/josemduran.com\/jmd\/wp-content\/uploads\/2021\/07\/cabina-scania.jpg\" class=\"img-responsive wp-image-1501\" srcset=\"https:\/\/josemduran.com\/jmd\/wp-content\/uploads\/2021\/07\/cabina-scania-200x95.jpg 200w, https:\/\/josemduran.com\/jmd\/wp-content\/uploads\/2021\/07\/cabina-scania-400x189.jpg 400w, https:\/\/josemduran.com\/jmd\/wp-content\/uploads\/2021\/07\/cabina-scania-600x284.jpg 600w, https:\/\/josemduran.com\/jmd\/wp-content\/uploads\/2021\/07\/cabina-scania-800x379.jpg 800w, https:\/\/josemduran.com\/jmd\/wp-content\/uploads\/2021\/07\/cabina-scania-1200x568.jpg 1200w, https:\/\/josemduran.com\/jmd\/wp-content\/uploads\/2021\/07\/cabina-scania.jpg 1500w\" sizes=\"(max-width: 1125px) 100vw, 600px\" \/><\/span><div class=\"fusion-clearfix\"><\/div><\/div><\/div><div class=\"fusion-layout-column fusion_builder_column fusion-builder-column-2 fusion_builder_column_1_2 1_2 fusion-one-half fusion-column-last\" style=\"width:48%;margin-top:0px;margin-bottom:0px;\"><div class=\"fusion-column-wrapper fusion-flex-column-wrapper-legacy\" style=\"background-position:left top;background-repeat:no-repeat;-webkit-background-size:cover;-moz-background-size:cover;-o-background-size:cover;background-size:cover;padding: 0px 0px 0px 0px;\"><div class=\"fusion-text fusion-text-1\"><h3>El mejor producto, con el respaldo de venta y servicios m\u00e1s completos y eficientes en Uruguay<\/h3>\n<\/div><div class=\"fusion-sep-clear\"><\/div><div class=\"fusion-separator fusion-full-width-sep\" style=\"margin-left: auto;margin-right: auto;margin-top:15px;width:100%;\"><\/div><div class=\"fusion-sep-clear\"><\/div><div class=\"fusion-text fusion-text-2\"><p>Scania, l\u00edder en fabricaci\u00f3n de camiones, buses y motores industriales y marinos, opera en alrededor de 100 pa\u00edses y cuenta con m\u00e1s de 1.600 puntos de servicios en todo el mundo.<\/p>\n<p>Los talleres de Scania se encuentran ubicados estrat\u00e9gicamente para asegurar un alto nivel de tiempo efectivo de trabajo para la gran cantidad de veh\u00edculos Scania que recorren los caminos.<\/p>\n<p>En cualquier lugar que se encuentre la marca, existen tres valores que condu-cen el trabajo de la empresa: El cliente en primer lugar, respeto por el individuo y calidad. En Uruguay, usted apreciar\u00e1 la uni\u00f3n de esos tres valores desde 1950 a trav\u00e9s de la excelencia del servicio brin-dado por Jos\u00e9 Mar\u00eda Dur\u00e1n S.A.<\/p>\n<\/div><div class=\"fusion-sep-clear\"><\/div><div class=\"fusion-separator fusion-full-width-sep\" style=\"margin-left: auto;margin-right: auto;margin-top:15px;width:100%;\"><\/div><div class=\"fusion-sep-clear\"><\/div><div class=\"fusion-clearfix\"><\/div><\/div><\/div><\/div><\/div><div class=\"fusion-fullwidth fullwidth-box fusion-builder-row-3 nonhundred-percent-fullwidth non-hundred-percent-height-scrolling\" style=\"background-color: #ffffff;background-position: center center;background-repeat: no-repeat;padding-top:0px;padding-right:0px;padding-bottom:0px;padding-left:0px;margin-bottom: 0px;margin-top: 0px;border-width: 0px 0px 0px 0px;border-color:#eae9e9;border-style:solid;\" ><div class=\"fusion-builder-row fusion-row\"><div class=\"fusion-layout-column fusion_builder_column fusion-builder-column-3 fusion_builder_column_1_1 1_1 fusion-one-full fusion-column-first fusion-column-last\" style=\"margin-top:0px;margin-bottom:0px;\"><div class=\"fusion-column-wrapper fusion-flex-column-wrapper-legacy\" style=\"background-position:left top;background-repeat:no-repeat;-webkit-background-size:cover;-moz-background-size:cover;-o-background-size:cover;background-size:cover;padding: 0px 0px 0px 0px;\"><div class=\"fusion-blog-shortcode fusion-blog-shortcode-1 fusion-blog-archive fusion-blog-layout-grid-wrapper fusion-blog-pagination\"><style type=\"text\/css\">.fusion-blog-shortcode-1 .fusion-blog-layout-grid .fusion-post-grid{padding:10px;}.fusion-blog-shortcode-1 .fusion-posts-container{margin-left: -10px !important; margin-right:-10px !important;}<\/style><div class=\"fusion-posts-container fusion-posts-container-pagination fusion-no-meta-info fusion-blog-rollover fusion-blog-layout-grid fusion-blog-layout-grid-3 isotope fusion-blog-equal-heights\" data-pages=\"1\" data-grid-col-space=\"20\" style=\"margin: -10px -10px 0;min-height:500px;\"><article id=\"blog-1-post-960\" class=\"fusion-post-grid post-960 post type-post status-publish format-standard has-post-thumbnail hentry category-servicios\">\n<div class=\"fusion-post-wrapper\" style=\"background-color:rgba(255,255,255,0);border:1px solid #ebeaea;border-bottom-width:3px;\">\n\n\t\t\t<div class=\"fusion-flexslider flexslider fusion-flexslider-loading fusion-post-slideshow\" style=\"border-color:#ebeaea;\">\n\t\t<ul class=\"slides\">\n\t\t\t\n\t\t\t\t\t\t\t\t\t\t\t\t\t\t<li>\n\n<div  class=\"fusion-image-wrapper\" aria-haspopup=\"true\">\n\t\n\t\n\t\n\t\t\n\t\t\t\t\t<img decoding=\"async\" width=\"300\" height=\"240\" src=\"https:\/\/josemduran.com\/jmd\/wp-content\/uploads\/2019\/02\/manejo.jpg\" class=\"attachment-full size-full wp-post-image\" alt=\"\" srcset=\"https:\/\/josemduran.com\/jmd\/wp-content\/uploads\/2019\/02\/manejo-200x160.jpg 200w, https:\/\/josemduran.com\/jmd\/wp-content\/uploads\/2019\/02\/manejo.jpg 300w\" sizes=\"(min-width: 2200px) 100vw, (min-width: 1149px) 377px, (min-width: 1057px) 565px, (min-width: 965px) 1057px, \" \/>\n\t\n\n\t\t<div class=\"fusion-rollover\">\n\t<div class=\"fusion-rollover-content\">\n\n\t\t\t\t\t\t\t\t\t\t\n\t\t\t\t\t\t\t\t\t\t\t\t\t\t\n\t\t\t\t\t\t\t\t\n\t\t\t\t\t\t\t\t\n\t\t\t\t\t\t\t\t\t\t\t\t\t\t\t\t\t\t<a class=\"fusion-rollover-gallery\" href=\"https:\/\/josemduran.com\/jmd\/wp-content\/uploads\/2019\/02\/manejo.jpg\" data-id=\"960\" data-rel=\"iLightbox[gallery]\" data-title=\"manejo\" data-caption=\"\">\n\t\t\t\t\t\tGaler\u00eda\t\t\t\t\t<\/a>\n\t\t\t\t\t\t\t\t\t\t\t\t\t\t\n\t\t\n\t\t\t\t\t\t\t\t\n\t\t\t\t\t\t\t\t\n\t\t\n\t\t\t\t\t\t<a class=\"fusion-link-wrapper\" href=\"https:\/\/josemduran.com\/jmd\/2019\/02\/21\/driver-training\/\" aria-label=\"Driver Training\"><\/a>\n\t<\/div>\n<\/div>\n\n\t\n<\/div>\n<\/li>\n\t\t\t\n\t\t\t\n\t\t\t\t\t\t\t\t\t\t\t\t\t\t\t\t\t\t\t\t\t\t\t\t\t\t\t\t\t\t\t\t\t\t\t\t\t\t\t\t\t\t\t\t\t\t\t\t\t\t\t\t\t\t\t\t\t\t\t\t\t\t\t\t\t\t\t\t<\/ul>\n\t<\/div>\n\t<div class=\"fusion-post-content-wrapper\" style=\"padding:30px 25px 20px 25px;\"><div class=\"fusion-post-content post-content\"><h2 class=\"blog-shortcode-post-title entry-title\">Driver Training<\/h2><div class=\"fusion-post-content-container\"><p>Los conductores son un factor clave para la rentabilidad de la empresa. Scania Driver Training trabaja sobre los estilos de conducci\u00f3n, perfeccionando los mismos para asegurar un correcto uso de la unidad, lograr un menor consumo de combustible y una reducci\u00f3n de emisiones de CO2. El conocimiento y la capacitaci\u00f3n se traducen en rentabilidad.<\/p>\n<p><strong>Cursos grupales con atenci\u00f3n personalizada<\/strong><\/p>\n<p>Un grupo bien enfocado, potencia las posibilidades de aprendizaje. Enfatizamos ejercicios pr\u00e1cticos, manteniendo una interacci\u00f3n continua con los conductores mientras su progreso individual es monitoreado.<\/p>\n<p><strong>Cursos in Company<\/strong><\/p>\n<p>Dictar los cursos en las instalaciones del cliente, tambi\u00e9n es una opci\u00f3n. Trabajando en el lugar y con las situaciones diarias de los conductores.<\/p>\n<p>Para mayor informaci\u00f3n cont\u00e1ctese al 2305 1090<\/p>\n<\/div><\/div><\/div><div class=\"fusion-clearfix\"><\/div><\/div>\n<\/article>\n<article id=\"blog-1-post-953\" class=\"fusion-post-grid post-953 post type-post status-publish format-standard has-post-thumbnail hentry category-servicios\">\n<div class=\"fusion-post-wrapper\" style=\"background-color:rgba(255,255,255,0);border:1px solid #ebeaea;border-bottom-width:3px;\">\n\n\t\t\t<div class=\"fusion-flexslider flexslider fusion-flexslider-loading fusion-post-slideshow\" style=\"border-color:#ebeaea;\">\n\t\t<ul class=\"slides\">\n\t\t\t\n\t\t\t\t\t\t\t\t\t\t\t\t\t\t<li>\n\n<div  class=\"fusion-image-wrapper\" aria-haspopup=\"true\">\n\t\n\t\n\t\n\t\t\n\t\t\t\t\t<img decoding=\"async\" width=\"300\" height=\"240\" src=\"https:\/\/josemduran.com\/jmd\/wp-content\/uploads\/2019\/02\/mov.jpg\" class=\"attachment-full size-full wp-post-image\" alt=\"\" srcset=\"https:\/\/josemduran.com\/jmd\/wp-content\/uploads\/2019\/02\/mov-200x160.jpg 200w, https:\/\/josemduran.com\/jmd\/wp-content\/uploads\/2019\/02\/mov.jpg 300w\" sizes=\"(min-width: 2200px) 100vw, (min-width: 1149px) 377px, (min-width: 1057px) 565px, (min-width: 965px) 1057px, \" \/>\n\t\n\n\t\t<div class=\"fusion-rollover\">\n\t<div class=\"fusion-rollover-content\">\n\n\t\t\t\t\t\t\t\t\t\t\n\t\t\t\t\t\t\t\t\t\t\t\t\t\t\n\t\t\t\t\t\t\t\t\n\t\t\t\t\t\t\t\t\n\t\t\t\t\t\t\t\t\t\t\t\t\t\t\t\t\t\t<a class=\"fusion-rollover-gallery\" href=\"https:\/\/josemduran.com\/jmd\/wp-content\/uploads\/2019\/02\/mov.jpg\" data-id=\"953\" data-rel=\"iLightbox[gallery]\" data-title=\"mov\" data-caption=\"\">\n\t\t\t\t\t\tGaler\u00eda\t\t\t\t\t<\/a>\n\t\t\t\t\t\t\t\t\t\t\t\t\t\t\n\t\t\n\t\t\t\t\t\t\t\t\n\t\t\t\t\t\t\t\t\n\t\t\n\t\t\t\t\t\t<a class=\"fusion-link-wrapper\" href=\"https:\/\/josemduran.com\/jmd\/2019\/02\/21\/siempre-en-movimiento\/\" aria-label=\"Siempre en movimiento\"><\/a>\n\t<\/div>\n<\/div>\n\n\t\n<\/div>\n<\/li>\n\t\t\t\n\t\t\t\n\t\t\t\t\t\t\t\t\t\t\t\t\t\t\t\t\t\t\t\t\t\t\t\t\t\t\t\t\t\t\t\t\t\t\t\t\t\t\t\t\t\t\t\t\t\t\t\t\t\t\t\t\t\t\t\t\t\t\t\t\t\t\t\t\t\t\t\t<\/ul>\n\t<\/div>\n\t<div class=\"fusion-post-content-wrapper\" style=\"padding:30px 25px 20px 25px;\"><div class=\"fusion-post-content post-content\"><h2 class=\"blog-shortcode-post-title entry-title\">Siempre en movimiento<\/h2><div class=\"fusion-post-content-container\"><p>Scania posee en Uruguay concesionarios estrat\u00e9gicamente ubicados. Con una infraestructura destacada, profesionales capacitados y tecnolog\u00eda de \u00faltima generaci\u00f3n, Jose Maria Duran S.A. brinda a sus clientes productos y servicios que conforman las bases de un servicio de excelencia.<\/p>\n<p>Cada cliente tiene necesidades espec\u00edficas. Los contratos de Reparaci\u00f3n y Mantenimiento se adaptan a cada negocio. Incluso, si las condiciones lo requieren, Scania sit\u00faa en las instalaciones del cliente \u2013 o donde este opere \u2013 un taller propio, con herramientas, repuestos y los profesionales que solo Scania puede brindar.<\/p>\n<p>Por repuestos consulte las 24 hrs, los 365 d\u00edas del a\u00f1o a<\/p>\n<p><strong>Montevideo: 099 418 052 <\/strong><br \/>\n<strong>Fray Bentos: 091 770 699<\/strong><\/p>\n<p>&nbsp;<\/p>\n<p>&nbsp;<\/p>\n<p>&nbsp;<\/p>\n<\/div><\/div><\/div><div class=\"fusion-clearfix\"><\/div><\/div>\n<\/article>\n<article id=\"blog-1-post-946\" class=\"fusion-post-grid post-946 post type-post status-publish format-standard has-post-thumbnail hentry category-servicios\">\n<div class=\"fusion-post-wrapper\" style=\"background-color:rgba(255,255,255,0);border:1px solid #ebeaea;border-bottom-width:3px;\">\n\n\t\t\t<div class=\"fusion-flexslider flexslider fusion-flexslider-loading fusion-post-slideshow\" style=\"border-color:#ebeaea;\">\n\t\t<ul class=\"slides\">\n\t\t\t\n\t\t\t\t\t\t\t\t\t\t\t\t\t\t<li>\n\n<div  class=\"fusion-image-wrapper\" aria-haspopup=\"true\">\n\t\n\t\n\t\n\t\t\n\t\t\t\t\t<img decoding=\"async\" width=\"300\" height=\"240\" src=\"https:\/\/josemduran.com\/jmd\/wp-content\/uploads\/2019\/02\/motores.jpg\" class=\"attachment-full size-full wp-post-image\" alt=\"\" srcset=\"https:\/\/josemduran.com\/jmd\/wp-content\/uploads\/2019\/02\/motores-200x160.jpg 200w, https:\/\/josemduran.com\/jmd\/wp-content\/uploads\/2019\/02\/motores.jpg 300w\" sizes=\"(min-width: 2200px) 100vw, (min-width: 1149px) 377px, (min-width: 1057px) 565px, (min-width: 965px) 1057px, \" \/>\n\t\n\n\t\t<div class=\"fusion-rollover\">\n\t<div class=\"fusion-rollover-content\">\n\n\t\t\t\t\t\t\t\t\t\t\n\t\t\t\t\t\t\t\t\t\t\t\t\t\t\n\t\t\t\t\t\t\t\t\n\t\t\t\t\t\t\t\t\n\t\t\t\t\t\t\t\t\t\t\t\t\t\t\t\t\t\t<a class=\"fusion-rollover-gallery\" href=\"https:\/\/josemduran.com\/jmd\/wp-content\/uploads\/2019\/02\/motores.jpg\" data-id=\"946\" data-rel=\"iLightbox[gallery]\" data-title=\"motores\" data-caption=\"\">\n\t\t\t\t\t\tGaler\u00eda\t\t\t\t\t<\/a>\n\t\t\t\t\t\t\t\t\t\t\t\t\t\t\n\t\t\n\t\t\t\t\t\t\t\t\n\t\t\t\t\t\t\t\t\n\t\t\n\t\t\t\t\t\t<a class=\"fusion-link-wrapper\" href=\"https:\/\/josemduran.com\/jmd\/2019\/02\/21\/motores\/\" aria-label=\"Motores\"><\/a>\n\t<\/div>\n<\/div>\n\n\t\n<\/div>\n<\/li>\n\t\t\t\n\t\t\t\n\t\t\t\t\t\t\t\t\t\t\t\t\t\t\t\t\t\t\t\t\t\t\t\t\t\t\t\t\t\t\t\t\t\t\t\t\t\t\t\t\t\t\t\t\t\t\t\t\t\t\t\t\t\t\t\t\t\t\t\t\t\t\t\t\t\t\t\t<\/ul>\n\t<\/div>\n\t<div class=\"fusion-post-content-wrapper\" style=\"padding:30px 25px 20px 25px;\"><div class=\"fusion-post-content post-content\"><h2 class=\"blog-shortcode-post-title entry-title\">Motores<\/h2><div class=\"fusion-post-content-container\"><p>Scania es proveedor mundial de una potente y diversificada gama de motores para aplicaciones industriales, marinas, y de generaci\u00f3n de energ\u00eda. Donde se precise potencia y rendimiento, un motor Scania es la soluci\u00f3n.<\/p>\n<\/div><\/div><\/div><div class=\"fusion-clearfix\"><\/div><\/div>\n<\/article>\n<article id=\"blog-1-post-942\" class=\"fusion-post-grid post-942 post type-post status-publish format-standard has-post-thumbnail hentry category-servicios\">\n<div class=\"fusion-post-wrapper\" style=\"background-color:rgba(255,255,255,0);border:1px solid #ebeaea;border-bottom-width:3px;\">\n\n\t\t\t<div class=\"fusion-flexslider flexslider fusion-flexslider-loading fusion-post-slideshow\" style=\"border-color:#ebeaea;\">\n\t\t<ul class=\"slides\">\n\t\t\t\n\t\t\t\t\t\t\t\t\t\t\t\t\t\t<li>\n\n<div  class=\"fusion-image-wrapper\" aria-haspopup=\"true\">\n\t\n\t\n\t\n\t\t\n\t\t\t\t\t<img decoding=\"async\" width=\"300\" height=\"240\" src=\"https:\/\/josemduran.com\/jmd\/wp-content\/uploads\/2019\/02\/omnibus.jpg\" class=\"attachment-full size-full wp-post-image\" alt=\"\" srcset=\"https:\/\/josemduran.com\/jmd\/wp-content\/uploads\/2019\/02\/omnibus-200x160.jpg 200w, https:\/\/josemduran.com\/jmd\/wp-content\/uploads\/2019\/02\/omnibus.jpg 300w\" sizes=\"(min-width: 2200px) 100vw, (min-width: 1149px) 377px, (min-width: 1057px) 565px, (min-width: 965px) 1057px, \" \/>\n\t\n\n\t\t<div class=\"fusion-rollover\">\n\t<div class=\"fusion-rollover-content\">\n\n\t\t\t\t\t\t\t\t\t\t\n\t\t\t\t\t\t\t\t\t\t\t\t\t\t\n\t\t\t\t\t\t\t\t\n\t\t\t\t\t\t\t\t\n\t\t\t\t\t\t\t\t\t\t\t\t\t\t\t\t\t\t<a class=\"fusion-rollover-gallery\" href=\"https:\/\/josemduran.com\/jmd\/wp-content\/uploads\/2019\/02\/omnibus.jpg\" data-id=\"942\" data-rel=\"iLightbox[gallery]\" data-title=\"omnibus\" data-caption=\"\">\n\t\t\t\t\t\tGaler\u00eda\t\t\t\t\t<\/a>\n\t\t\t\t\t\t\t\t\t\t\t\t\t\t\n\t\t\n\t\t\t\t\t\t\t\t\n\t\t\t\t\t\t\t\t\n\t\t\n\t\t\t\t\t\t<a class=\"fusion-link-wrapper\" href=\"https:\/\/josemduran.com\/jmd\/2019\/02\/21\/buses\/\" aria-label=\"Buses\"><\/a>\n\t<\/div>\n<\/div>\n\n\t\n<\/div>\n<\/li>\n\t\t\t\n\t\t\t\n\t\t\t\t\t\t\t\t\t\t\t\t\t\t\t\t\t\t\t\t\t\t\t\t\t\t\t\t\t\t\t\t\t\t\t\t\t\t\t\t\t\t\t\t\t\t\t\t\t\t\t\t\t\t\t\t\t\t\t\t\t\t\t\t\t\t\t\t<\/ul>\n\t<\/div>\n\t<div class=\"fusion-post-content-wrapper\" style=\"padding:30px 25px 20px 25px;\"><div class=\"fusion-post-content post-content\"><h2 class=\"blog-shortcode-post-title entry-title\">Buses<\/h2><div class=\"fusion-post-content-container\"><p>Brindando una econom\u00eda de operaci\u00f3n sobresaliente, los buses Scania para transporte de pasajeros de larga y media distancia y para aplicaciones urbanas, han logrado distinguirse de manera exitosa en un mercado cada d\u00eda m\u00e1s competitivo<\/p>\n<\/div><\/div><\/div><div class=\"fusion-clearfix\"><\/div><\/div>\n<\/article>\n<article id=\"blog-1-post-939\" class=\"fusion-post-grid post-939 post type-post status-publish format-standard has-post-thumbnail hentry category-servicios\">\n<div class=\"fusion-post-wrapper\" style=\"background-color:rgba(255,255,255,0);border:1px solid #ebeaea;border-bottom-width:3px;\">\n\n\t\t\t<div class=\"fusion-flexslider flexslider fusion-flexslider-loading fusion-post-slideshow\" style=\"border-color:#ebeaea;\">\n\t\t<ul class=\"slides\">\n\t\t\t\n\t\t\t\t\t\t\t\t\t\t\t\t\t\t<li>\n\n<div  class=\"fusion-image-wrapper\" aria-haspopup=\"true\">\n\t\n\t\n\t\n\t\t\n\t\t\t\t\t<img decoding=\"async\" width=\"300\" height=\"240\" src=\"https:\/\/josemduran.com\/jmd\/wp-content\/uploads\/2019\/02\/camion.jpg\" class=\"attachment-full size-full wp-post-image\" alt=\"\" srcset=\"https:\/\/josemduran.com\/jmd\/wp-content\/uploads\/2019\/02\/camion-200x160.jpg 200w, https:\/\/josemduran.com\/jmd\/wp-content\/uploads\/2019\/02\/camion.jpg 300w\" sizes=\"(min-width: 2200px) 100vw, (min-width: 1149px) 377px, (min-width: 1057px) 565px, (min-width: 965px) 1057px, \" \/>\n\t\n\n\t\t<div class=\"fusion-rollover\">\n\t<div class=\"fusion-rollover-content\">\n\n\t\t\t\t\t\t\t\t\t\t\n\t\t\t\t\t\t\t\t\t\t\t\t\t\t\n\t\t\t\t\t\t\t\t\n\t\t\t\t\t\t\t\t\n\t\t\t\t\t\t\t\t\t\t\t\t\t\t\t\t\t\t<a class=\"fusion-rollover-gallery\" href=\"https:\/\/josemduran.com\/jmd\/wp-content\/uploads\/2019\/02\/camion.jpg\" data-id=\"939\" data-rel=\"iLightbox[gallery]\" data-title=\"camion\" data-caption=\"\">\n\t\t\t\t\t\tGaler\u00eda\t\t\t\t\t<\/a>\n\t\t\t\t\t\t\t\t\t\t\t\t\t\t\n\t\t\n\t\t\t\t\t\t\t\t\n\t\t\t\t\t\t\t\t\n\t\t\n\t\t\t\t\t\t<a class=\"fusion-link-wrapper\" href=\"https:\/\/josemduran.com\/jmd\/2019\/02\/21\/camiones\/\" aria-label=\"Camiones\"><\/a>\n\t<\/div>\n<\/div>\n\n\t\n<\/div>\n<\/li>\n\t\t\t\n\t\t\t\n\t\t\t\t\t\t\t\t\t\t\t\t\t\t\t\t\t\t\t\t\t\t\t\t\t\t\t\t\t\t\t\t\t\t\t\t\t\t\t\t\t\t\t\t\t\t\t\t\t\t\t\t\t\t\t\t\t\t\t\t\t\t\t\t\t\t\t\t<\/ul>\n\t<\/div>\n\t<div class=\"fusion-post-content-wrapper\" style=\"padding:30px 25px 20px 25px;\"><div class=\"fusion-post-content post-content\"><h2 class=\"blog-shortcode-post-title entry-title\">Camiones<\/h2><div class=\"fusion-post-content-container\"><p>Los camiones Scania se han destacado a trav\u00e9s de los a\u00f1os por su excelente rendimiento, gran calidad y permanente disponibilidad. Con una gran variedad de alternativas y el menor consumo de combustible del mercado, los camiones Scania conforman la soluci\u00f3n de transporte m\u00e1s eficiente y sustentable.<\/p>\n<\/div><\/div><\/div><div class=\"fusion-clearfix\"><\/div><\/div>\n<\/article>\n<div class=\"fusion-clearfix\"><\/div><\/div><\/div><div class=\"fusion-clearfix\"><\/div><\/div><\/div><\/div><\/div><\/p>\n","protected":false},"excerpt":{"rendered":"","protected":false},"author":1,"featured_media":0,"parent":0,"menu_order":0,"comment_status":"closed","ping_status":"closed","template":"","meta":{"footnotes":""},"class_list":["post-894","page","type-page","status-publish","hentry"],"_links":{"self":[{"href":"https:\/\/josemduran.com\/jmd\/wp-json\/wp\/v2\/pages\/894","targetHints":{"allow":["GET"]}}],"collection":[{"href":"https:\/\/josemduran.com\/jmd\/wp-json\/wp\/v2\/pages"}],"about":[{"href":"https:\/\/josemduran.com\/jmd\/wp-json\/wp\/v2\/types\/page"}],"author":[{"embeddable":true,"href":"https:\/\/josemduran.com\/jmd\/wp-json\/wp\/v2\/users\/1"}],"replies":[{"embeddable":true,"href":"https:\/\/josemduran.com\/jmd\/wp-json\/wp\/v2\/comments?post=894"}],"version-history":[{"count":35,"href":"https:\/\/josemduran.com\/jmd\/wp-json\/wp\/v2\/pages\/894\/revisions"}],"predecessor-version":[{"id":1502,"href":"https:\/\/josemduran.com\/jmd\/wp-json\/wp\/v2\/pages\/894\/revisions\/1502"}],"wp:attachment":[{"href":"https:\/\/josemduran.com\/jmd\/wp-json\/wp\/v2\/media?parent=894"}],"curies":[{"name":"wp","href":"https:\/\/api.w.org\/{rel}","templated":true}]}}